{"id":297544,"date":"2022-11-03T14:32:38","date_gmt":"2022-11-03T14:32:38","guid":{"rendered":"https:\/\/jamesmckiernanlawyers.com\/bateria-de-asalto\/"},"modified":"2022-11-03T14:32:38","modified_gmt":"2022-11-03T14:32:38","slug":"bateria-de-asalto","status":"publish","type":"page","link":"https:\/\/jamesmckiernanlawyers.com\/es\/bateria-de-asalto\/","title":{"rendered":"Bateria de asalto"},"content":{"rendered":"","protected":false},"excerpt":{"rendered":"[...]","protected":false},"author":5,"featured_media":296730,"parent":0,"menu_order":0,"comment_status":"closed","ping_status":"closed","template":"practice-areas.php","meta":{"_acf_changed":false,"footnotes":""},"class_list":["post-297544","page","type-page","status-publish","has-post-thumbnail","hentry"],"acf":[],"yoast_head":"<!-- This site is optimized with the Yoast SEO plugin v27.4 - https:\/\/yoast.com\/product\/yoast-seo-wordpress\/ -->\n<title>\u00bfV\u00edctima de agresi\u00f3n? Llame a los abogados de lesiones personales de California<\/title>\n<meta name=\"description\" content=\"Comun\u00edquese con uno de nuestros abogados de asalto de California al 800.200.4878 o en l\u00ednea para una consulta sin riesgos o preguntas sobre su caso.\" \/>\n<meta name=\"robots\" content=\"index, follow, max-snippet:-1, max-image-preview:large, max-video-preview:-1\" \/>\n<link rel=\"canonical\" href=\"\/\" \/>\n<meta property=\"og:locale\" content=\"es_ES\" \/>\n<meta property=\"og:type\" content=\"article\" \/>\n<meta property=\"og:title\" content=\"\u00bfV\u00edctima de agresi\u00f3n? Llame a los abogados de lesiones personales de California\" \/>\n<meta property=\"og:description\" content=\"Comun\u00edquese con uno de nuestros abogados de asalto de California al 800.200.4878 o en l\u00ednea para una consulta sin riesgos o preguntas sobre su caso.\" \/>\n<meta property=\"og:url\" content=\"https:\/\/jamesmckiernanlawyers.com\/es\/bateria-de-asalto\/\" \/>\n<meta property=\"og:site_name\" content=\"James McKiernan Lawyers\" \/>\n<meta property=\"article:publisher\" content=\"https:\/\/www.facebook.com\/James-McKiernan-Lawyers-305870092829848\" \/>\n<meta property=\"og:image\" content=\"https:\/\/jamesmckiernanlawyers.com\/wp-content\/uploads\/2020\/12\/assault-and-battery-banner-img.jpg\" \/>\n<meta name=\"twitter:card\" content=\"summary_large_image\" \/>\n<meta name=\"twitter:title\" content=\"\u00bfV\u00edctima de agresi\u00f3n? Llame a los abogados de lesiones personales de California\" \/>\n<meta name=\"twitter:description\" content=\"Comun\u00edquese con uno de nuestros abogados de asalto de California al 800.200.4878 o en l\u00ednea para una consulta sin riesgos o preguntas sobre su caso.\" \/>\n<meta name=\"twitter:image\" content=\"https:\/\/jamesmckiernanlawyers.com\/wp-content\/uploads\/2020\/12\/assault-and-battery-banner-img.jpg\" \/>\n<meta name=\"twitter:site\" content=\"@McKiernanLaw\" \/>\n<script type=\"application\/ld+json\" class=\"yoast-schema-graph\">{\"@context\":\"https:\\\/\\\/schema.org\",\"@graph\":[{\"@type\":\"WebPage\",\"@id\":\"https:\\\/\\\/jamesmckiernanlawyers.com\\\/es\\\/bateria-de-asalto\\\/\",\"url\":\"https:\\\/\\\/jamesmckiernanlawyers.com\\\/es\\\/bateria-de-asalto\\\/\",\"name\":\"\u00bfV\u00edctima de agresi\u00f3n? Llame a los abogados de lesiones personales de California\",\"isPartOf\":{\"@id\":\"https:\\\/\\\/jamesmckiernanlawyers.com\\\/es\\\/#website\"},\"primaryImageOfPage\":{\"@id\":\"https:\\\/\\\/jamesmckiernanlawyers.com\\\/es\\\/bateria-de-asalto\\\/#primaryimage\"},\"image\":{\"@id\":\"https:\\\/\\\/jamesmckiernanlawyers.com\\\/es\\\/bateria-de-asalto\\\/#primaryimage\"},\"thumbnailUrl\":\"https:\\\/\\\/jamesmckiernanlawyers.com\\\/wp-content\\\/uploads\\\/2020\\\/12\\\/assault-and-battery-banner-img.jpg\",\"datePublished\":\"2022-11-03T14:32:38+00:00\",\"description\":\"Comun\u00edquese con uno de nuestros abogados de asalto de California al 800.200.4878 o en l\u00ednea para una consulta sin riesgos o preguntas sobre su caso.\",\"breadcrumb\":{\"@id\":\"https:\\\/\\\/jamesmckiernanlawyers.com\\\/es\\\/bateria-de-asalto\\\/#breadcrumb\"},\"inLanguage\":\"es\",\"potentialAction\":[{\"@type\":\"ReadAction\",\"target\":[\"https:\\\/\\\/jamesmckiernanlawyers.com\\\/es\\\/bateria-de-asalto\\\/\"]}]},{\"@type\":\"ImageObject\",\"inLanguage\":\"es\",\"@id\":\"https:\\\/\\\/jamesmckiernanlawyers.com\\\/es\\\/bateria-de-asalto\\\/#primaryimage\",\"url\":\"https:\\\/\\\/jamesmckiernanlawyers.com\\\/wp-content\\\/uploads\\\/2020\\\/12\\\/assault-and-battery-banner-img.jpg\",\"contentUrl\":\"https:\\\/\\\/jamesmckiernanlawyers.com\\\/wp-content\\\/uploads\\\/2020\\\/12\\\/assault-and-battery-banner-img.jpg\",\"width\":1920,\"height\":396},{\"@type\":\"BreadcrumbList\",\"@id\":\"https:\\\/\\\/jamesmckiernanlawyers.com\\\/es\\\/bateria-de-asalto\\\/#breadcrumb\",\"itemListElement\":[{\"@type\":\"ListItem\",\"position\":1,\"name\":\"Home\",\"item\":\"https:\\\/\\\/jamesmckiernanlawyers.com\\\/es\\\/home\\\/\"},{\"@type\":\"ListItem\",\"position\":2,\"name\":\"Bateria de asalto\"}]},{\"@type\":\"WebSite\",\"@id\":\"https:\\\/\\\/jamesmckiernanlawyers.com\\\/es\\\/#website\",\"url\":\"https:\\\/\\\/jamesmckiernanlawyers.com\\\/es\\\/\",\"name\":\"James McKiernan Lawyers\",\"description\":\"\",\"publisher\":{\"@id\":\"https:\\\/\\\/jamesmckiernanlawyers.com\\\/es\\\/#organization\"},\"potentialAction\":[{\"@type\":\"SearchAction\",\"target\":{\"@type\":\"EntryPoint\",\"urlTemplate\":\"https:\\\/\\\/jamesmckiernanlawyers.com\\\/es\\\/?s={search_term_string}\"},\"query-input\":{\"@type\":\"PropertyValueSpecification\",\"valueRequired\":true,\"valueName\":\"search_term_string\"}}],\"inLanguage\":\"es\"},{\"@type\":\"Organization\",\"@id\":\"https:\\\/\\\/jamesmckiernanlawyers.com\\\/es\\\/#organization\",\"name\":\"James McKiernan Lawyers\",\"url\":\"https:\\\/\\\/jamesmckiernanlawyers.com\\\/es\\\/\",\"logo\":{\"@type\":\"ImageObject\",\"inLanguage\":\"es\",\"@id\":\"https:\\\/\\\/jamesmckiernanlawyers.com\\\/es\\\/#\\\/schema\\\/logo\\\/image\\\/\",\"url\":\"https:\\\/\\\/jamesmckiernanlawyers.com\\\/wp-content\\\/uploads\\\/2021\\\/02\\\/mobile-logo.png\",\"contentUrl\":\"https:\\\/\\\/jamesmckiernanlawyers.com\\\/wp-content\\\/uploads\\\/2021\\\/02\\\/mobile-logo.png\",\"width\":1188,\"height\":193,\"caption\":\"James McKiernan Lawyers\"},\"image\":{\"@id\":\"https:\\\/\\\/jamesmckiernanlawyers.com\\\/es\\\/#\\\/schema\\\/logo\\\/image\\\/\"},\"sameAs\":[\"https:\\\/\\\/www.facebook.com\\\/James-McKiernan-Lawyers-305870092829848\",\"https:\\\/\\\/x.com\\\/McKiernanLaw\",\"https:\\\/\\\/www.instagram.com\\\/jamesmckiernanlawyers\\\/\",\"https:\\\/\\\/www.linkedin.com\\\/in\\\/james-mckiernan-aaa1b318\"]}]}<\/script>\n<!-- \/ Yoast SEO plugin. -->","yoast_head_json":{"title":"\u00bfV\u00edctima de agresi\u00f3n? Llame a los abogados de lesiones personales de California","description":"Comun\u00edquese con uno de nuestros abogados de asalto de California al 800.200.4878 o en l\u00ednea para una consulta sin riesgos o preguntas sobre su caso.","robots":{"index":"index","follow":"follow","max-snippet":"max-snippet:-1","max-image-preview":"max-image-preview:large","max-video-preview":"max-video-preview:-1"},"canonical":"\/","og_locale":"es_ES","og_type":"article","og_title":"\u00bfV\u00edctima de agresi\u00f3n? Llame a los abogados de lesiones personales de California","og_description":"Comun\u00edquese con uno de nuestros abogados de asalto de California al 800.200.4878 o en l\u00ednea para una consulta sin riesgos o preguntas sobre su caso.","og_url":"https:\/\/jamesmckiernanlawyers.com\/es\/bateria-de-asalto\/","og_site_name":"James McKiernan Lawyers","article_publisher":"https:\/\/www.facebook.com\/James-McKiernan-Lawyers-305870092829848","og_image":[{"url":"https:\/\/jamesmckiernanlawyers.com\/wp-content\/uploads\/2020\/12\/assault-and-battery-banner-img.jpg","type":"","width":"","height":""}],"twitter_card":"summary_large_image","twitter_title":"\u00bfV\u00edctima de agresi\u00f3n? Llame a los abogados de lesiones personales de California","twitter_description":"Comun\u00edquese con uno de nuestros abogados de asalto de California al 800.200.4878 o en l\u00ednea para una consulta sin riesgos o preguntas sobre su caso.","twitter_image":"https:\/\/jamesmckiernanlawyers.com\/wp-content\/uploads\/2020\/12\/assault-and-battery-banner-img.jpg","twitter_site":"@McKiernanLaw","schema":{"@context":"https:\/\/schema.org","@graph":[{"@type":"WebPage","@id":"https:\/\/jamesmckiernanlawyers.com\/es\/bateria-de-asalto\/","url":"https:\/\/jamesmckiernanlawyers.com\/es\/bateria-de-asalto\/","name":"\u00bfV\u00edctima de agresi\u00f3n? Llame a los abogados de lesiones personales de California","isPartOf":{"@id":"https:\/\/jamesmckiernanlawyers.com\/es\/#website"},"primaryImageOfPage":{"@id":"https:\/\/jamesmckiernanlawyers.com\/es\/bateria-de-asalto\/#primaryimage"},"image":{"@id":"https:\/\/jamesmckiernanlawyers.com\/es\/bateria-de-asalto\/#primaryimage"},"thumbnailUrl":"https:\/\/jamesmckiernanlawyers.com\/wp-content\/uploads\/2020\/12\/assault-and-battery-banner-img.jpg","datePublished":"2022-11-03T14:32:38+00:00","description":"Comun\u00edquese con uno de nuestros abogados de asalto de California al 800.200.4878 o en l\u00ednea para una consulta sin riesgos o preguntas sobre su caso.","breadcrumb":{"@id":"https:\/\/jamesmckiernanlawyers.com\/es\/bateria-de-asalto\/#breadcrumb"},"inLanguage":"es","potentialAction":[{"@type":"ReadAction","target":["https:\/\/jamesmckiernanlawyers.com\/es\/bateria-de-asalto\/"]}]},{"@type":"ImageObject","inLanguage":"es","@id":"https:\/\/jamesmckiernanlawyers.com\/es\/bateria-de-asalto\/#primaryimage","url":"https:\/\/jamesmckiernanlawyers.com\/wp-content\/uploads\/2020\/12\/assault-and-battery-banner-img.jpg","contentUrl":"https:\/\/jamesmckiernanlawyers.com\/wp-content\/uploads\/2020\/12\/assault-and-battery-banner-img.jpg","width":1920,"height":396},{"@type":"BreadcrumbList","@id":"https:\/\/jamesmckiernanlawyers.com\/es\/bateria-de-asalto\/#breadcrumb","itemListElement":[{"@type":"ListItem","position":1,"name":"Home","item":"https:\/\/jamesmckiernanlawyers.com\/es\/home\/"},{"@type":"ListItem","position":2,"name":"Bateria de asalto"}]},{"@type":"WebSite","@id":"https:\/\/jamesmckiernanlawyers.com\/es\/#website","url":"https:\/\/jamesmckiernanlawyers.com\/es\/","name":"James McKiernan Lawyers","description":"","publisher":{"@id":"https:\/\/jamesmckiernanlawyers.com\/es\/#organization"},"potentialAction":[{"@type":"SearchAction","target":{"@type":"EntryPoint","urlTemplate":"https:\/\/jamesmckiernanlawyers.com\/es\/?s={search_term_string}"},"query-input":{"@type":"PropertyValueSpecification","valueRequired":true,"valueName":"search_term_string"}}],"inLanguage":"es"},{"@type":"Organization","@id":"https:\/\/jamesmckiernanlawyers.com\/es\/#organization","name":"James McKiernan Lawyers","url":"https:\/\/jamesmckiernanlawyers.com\/es\/","logo":{"@type":"ImageObject","inLanguage":"es","@id":"https:\/\/jamesmckiernanlawyers.com\/es\/#\/schema\/logo\/image\/","url":"https:\/\/jamesmckiernanlawyers.com\/wp-content\/uploads\/2021\/02\/mobile-logo.png","contentUrl":"https:\/\/jamesmckiernanlawyers.com\/wp-content\/uploads\/2021\/02\/mobile-logo.png","width":1188,"height":193,"caption":"James McKiernan Lawyers"},"image":{"@id":"https:\/\/jamesmckiernanlawyers.com\/es\/#\/schema\/logo\/image\/"},"sameAs":["https:\/\/www.facebook.com\/James-McKiernan-Lawyers-305870092829848","https:\/\/x.com\/McKiernanLaw","https:\/\/www.instagram.com\/jamesmckiernanlawyers\/","https:\/\/www.linkedin.com\/in\/james-mckiernan-aaa1b318"]}]}},"_links":{"self":[{"href":"https:\/\/jamesmckiernanlawyers.com\/es\/wp-json\/wp\/v2\/pages\/297544","targetHints":{"allow":["GET"]}}],"collection":[{"href":"https:\/\/jamesmckiernanlawyers.com\/es\/wp-json\/wp\/v2\/pages"}],"about":[{"href":"https:\/\/jamesmckiernanlawyers.com\/es\/wp-json\/wp\/v2\/types\/page"}],"author":[{"embeddable":true,"href":"https:\/\/jamesmckiernanlawyers.com\/es\/wp-json\/wp\/v2\/users\/5"}],"replies":[{"embeddable":true,"href":"https:\/\/jamesmckiernanlawyers.com\/es\/wp-json\/wp\/v2\/comments?post=297544"}],"version-history":[{"count":0,"href":"https:\/\/jamesmckiernanlawyers.com\/es\/wp-json\/wp\/v2\/pages\/297544\/revisions"}],"wp:featuredmedia":[{"embeddable":true,"href":"https:\/\/jamesmckiernanlawyers.com\/es\/wp-json\/wp\/v2\/media\/296730"}],"wp:attachment":[{"href":"https:\/\/jamesmckiernanlawyers.com\/es\/wp-json\/wp\/v2\/media?parent=297544"}],"curies":[{"name":"wp","href":"https:\/\/api.w.org\/{rel}","templated":true}]}}