{"id":297532,"date":"2022-10-14T17:14:28","date_gmt":"2022-10-14T17:14:28","guid":{"rendered":"https:\/\/jamesmckiernanlawyers.com\/compensacion-de-trabajadores\/"},"modified":"2022-10-14T17:14:28","modified_gmt":"2022-10-14T17:14:28","slug":"compensacion-de-trabajadores","status":"publish","type":"page","link":"https:\/\/jamesmckiernanlawyers.com\/es\/compensacion-de-trabajadores\/","title":{"rendered":"Compensaci\u00f3n de trabajadores"},"content":{"rendered":"","protected":false},"excerpt":{"rendered":"[...]","protected":false},"author":5,"featured_media":295441,"parent":0,"menu_order":0,"comment_status":"closed","ping_status":"closed","template":"practice-areas.php","meta":{"_acf_changed":false,"footnotes":""},"class_list":["post-297532","page","type-page","status-publish","has-post-thumbnail","hentry"],"acf":[],"yoast_head":"<!-- This site is optimized with the Yoast SEO plugin v27.3 - https:\/\/yoast.com\/product\/yoast-seo-wordpress\/ -->\n<title>Compensaci\u00f3n de trabajadores | James McKiernan Lawyers<\/title>\n<meta name=\"description\" content=\"Si se lesion\u00f3 en el trabajo o tiene problemas con el sistema de compensaci\u00f3n para trabajadores en California, \u00a1cont\u00e1ctenos hoy!\" \/>\n<meta name=\"robots\" content=\"index, follow, max-snippet:-1, max-image-preview:large, max-video-preview:-1\" \/>\n<link rel=\"canonical\" href=\"\/\" \/>\n<meta property=\"og:locale\" content=\"es_ES\" \/>\n<meta property=\"og:type\" content=\"article\" \/>\n<meta property=\"og:title\" content=\"Compensaci\u00f3n de trabajadores | James McKiernan Lawyers\" \/>\n<meta property=\"og:description\" content=\"Si se lesion\u00f3 en el trabajo o tiene problemas con el sistema de compensaci\u00f3n para trabajadores en California, \u00a1cont\u00e1ctenos hoy!\" \/>\n<meta property=\"og:url\" content=\"https:\/\/jamesmckiernanlawyers.com\/es\/compensacion-de-trabajadores\/\" \/>\n<meta property=\"og:site_name\" content=\"James McKiernan Lawyers\" \/>\n<meta property=\"article:publisher\" content=\"https:\/\/www.facebook.com\/James-McKiernan-Lawyers-305870092829848\" \/>\n<meta property=\"og:image\" content=\"https:\/\/jamesmckiernanlawyers.com\/wp-content\/uploads\/2021\/02\/review-img-70.jpg\" \/>\n<meta name=\"twitter:card\" content=\"summary_large_image\" \/>\n<meta name=\"twitter:title\" content=\"Compensaci\u00f3n de trabajadores | James McKiernan Lawyers\" \/>\n<meta name=\"twitter:description\" content=\"Si se lesion\u00f3 en el trabajo o tiene problemas con el sistema de compensaci\u00f3n para trabajadores en California, \u00a1cont\u00e1ctenos hoy!\" \/>\n<meta name=\"twitter:image\" content=\"https:\/\/jamesmckiernanlawyers.com\/wp-content\/uploads\/2021\/02\/review-img-70.jpg\" \/>\n<meta name=\"twitter:site\" content=\"@McKiernanLaw\" \/>\n<script type=\"application\/ld+json\" class=\"yoast-schema-graph\">{\"@context\":\"https:\\\/\\\/schema.org\",\"@graph\":[{\"@type\":\"WebPage\",\"@id\":\"https:\\\/\\\/jamesmckiernanlawyers.com\\\/es\\\/compensacion-de-trabajadores\\\/\",\"url\":\"https:\\\/\\\/jamesmckiernanlawyers.com\\\/es\\\/compensacion-de-trabajadores\\\/\",\"name\":\"Compensaci\u00f3n de trabajadores | James McKiernan Lawyers\",\"isPartOf\":{\"@id\":\"https:\\\/\\\/jamesmckiernanlawyers.com\\\/es\\\/#website\"},\"primaryImageOfPage\":{\"@id\":\"https:\\\/\\\/jamesmckiernanlawyers.com\\\/es\\\/compensacion-de-trabajadores\\\/#primaryimage\"},\"image\":{\"@id\":\"https:\\\/\\\/jamesmckiernanlawyers.com\\\/es\\\/compensacion-de-trabajadores\\\/#primaryimage\"},\"thumbnailUrl\":\"https:\\\/\\\/jamesmckiernanlawyers.com\\\/wp-content\\\/uploads\\\/2021\\\/02\\\/review-img-70.jpg\",\"datePublished\":\"2022-10-14T17:14:28+00:00\",\"description\":\"Si se lesion\u00f3 en el trabajo o tiene problemas con el sistema de compensaci\u00f3n para trabajadores en California, \u00a1cont\u00e1ctenos hoy!\",\"breadcrumb\":{\"@id\":\"https:\\\/\\\/jamesmckiernanlawyers.com\\\/es\\\/compensacion-de-trabajadores\\\/#breadcrumb\"},\"inLanguage\":\"es\",\"potentialAction\":[{\"@type\":\"ReadAction\",\"target\":[\"https:\\\/\\\/jamesmckiernanlawyers.com\\\/es\\\/compensacion-de-trabajadores\\\/\"]}]},{\"@type\":\"ImageObject\",\"inLanguage\":\"es\",\"@id\":\"https:\\\/\\\/jamesmckiernanlawyers.com\\\/es\\\/compensacion-de-trabajadores\\\/#primaryimage\",\"url\":\"https:\\\/\\\/jamesmckiernanlawyers.com\\\/wp-content\\\/uploads\\\/2021\\\/02\\\/review-img-70.jpg\",\"contentUrl\":\"https:\\\/\\\/jamesmckiernanlawyers.com\\\/wp-content\\\/uploads\\\/2021\\\/02\\\/review-img-70.jpg\",\"width\":400,\"height\":397,\"caption\":\"Smiling woman with long hair and earrings.\"},{\"@type\":\"BreadcrumbList\",\"@id\":\"https:\\\/\\\/jamesmckiernanlawyers.com\\\/es\\\/compensacion-de-trabajadores\\\/#breadcrumb\",\"itemListElement\":[{\"@type\":\"ListItem\",\"position\":1,\"name\":\"Home\",\"item\":\"https:\\\/\\\/jamesmckiernanlawyers.com\\\/es\\\/\"},{\"@type\":\"ListItem\",\"position\":2,\"name\":\"Compensaci\u00f3n de trabajadores\"}]},{\"@type\":\"WebSite\",\"@id\":\"https:\\\/\\\/jamesmckiernanlawyers.com\\\/es\\\/#website\",\"url\":\"https:\\\/\\\/jamesmckiernanlawyers.com\\\/es\\\/\",\"name\":\"James McKiernan Lawyers\",\"description\":\"\",\"publisher\":{\"@id\":\"https:\\\/\\\/jamesmckiernanlawyers.com\\\/es\\\/#organization\"},\"potentialAction\":[{\"@type\":\"SearchAction\",\"target\":{\"@type\":\"EntryPoint\",\"urlTemplate\":\"https:\\\/\\\/jamesmckiernanlawyers.com\\\/es\\\/?s={search_term_string}\"},\"query-input\":{\"@type\":\"PropertyValueSpecification\",\"valueRequired\":true,\"valueName\":\"search_term_string\"}}],\"inLanguage\":\"es\"},{\"@type\":\"Organization\",\"@id\":\"https:\\\/\\\/jamesmckiernanlawyers.com\\\/es\\\/#organization\",\"name\":\"James McKiernan Lawyers\",\"url\":\"https:\\\/\\\/jamesmckiernanlawyers.com\\\/es\\\/\",\"logo\":{\"@type\":\"ImageObject\",\"inLanguage\":\"es\",\"@id\":\"https:\\\/\\\/jamesmckiernanlawyers.com\\\/es\\\/#\\\/schema\\\/logo\\\/image\\\/\",\"url\":\"https:\\\/\\\/jamesmckiernanlawyers.com\\\/wp-content\\\/uploads\\\/2021\\\/02\\\/mobile-logo.png\",\"contentUrl\":\"https:\\\/\\\/jamesmckiernanlawyers.com\\\/wp-content\\\/uploads\\\/2021\\\/02\\\/mobile-logo.png\",\"width\":1188,\"height\":193,\"caption\":\"James McKiernan Lawyers\"},\"image\":{\"@id\":\"https:\\\/\\\/jamesmckiernanlawyers.com\\\/es\\\/#\\\/schema\\\/logo\\\/image\\\/\"},\"sameAs\":[\"https:\\\/\\\/www.facebook.com\\\/James-McKiernan-Lawyers-305870092829848\",\"https:\\\/\\\/x.com\\\/McKiernanLaw\",\"https:\\\/\\\/www.instagram.com\\\/jamesmckiernanlawyers\\\/\",\"https:\\\/\\\/www.linkedin.com\\\/in\\\/james-mckiernan-aaa1b318\"]}]}<\/script>\n<!-- \/ Yoast SEO plugin. -->","yoast_head_json":{"title":"Compensaci\u00f3n de trabajadores | James McKiernan Lawyers","description":"Si se lesion\u00f3 en el trabajo o tiene problemas con el sistema de compensaci\u00f3n para trabajadores en California, \u00a1cont\u00e1ctenos hoy!","robots":{"index":"index","follow":"follow","max-snippet":"max-snippet:-1","max-image-preview":"max-image-preview:large","max-video-preview":"max-video-preview:-1"},"canonical":"\/","og_locale":"es_ES","og_type":"article","og_title":"Compensaci\u00f3n de trabajadores | James McKiernan Lawyers","og_description":"Si se lesion\u00f3 en el trabajo o tiene problemas con el sistema de compensaci\u00f3n para trabajadores en California, \u00a1cont\u00e1ctenos hoy!","og_url":"https:\/\/jamesmckiernanlawyers.com\/es\/compensacion-de-trabajadores\/","og_site_name":"James McKiernan Lawyers","article_publisher":"https:\/\/www.facebook.com\/James-McKiernan-Lawyers-305870092829848","og_image":[{"url":"https:\/\/jamesmckiernanlawyers.com\/wp-content\/uploads\/2021\/02\/review-img-70.jpg","type":"","width":"","height":""}],"twitter_card":"summary_large_image","twitter_title":"Compensaci\u00f3n de trabajadores | James McKiernan Lawyers","twitter_description":"Si se lesion\u00f3 en el trabajo o tiene problemas con el sistema de compensaci\u00f3n para trabajadores en California, \u00a1cont\u00e1ctenos hoy!","twitter_image":"https:\/\/jamesmckiernanlawyers.com\/wp-content\/uploads\/2021\/02\/review-img-70.jpg","twitter_site":"@McKiernanLaw","schema":{"@context":"https:\/\/schema.org","@graph":[{"@type":"WebPage","@id":"https:\/\/jamesmckiernanlawyers.com\/es\/compensacion-de-trabajadores\/","url":"https:\/\/jamesmckiernanlawyers.com\/es\/compensacion-de-trabajadores\/","name":"Compensaci\u00f3n de trabajadores | James McKiernan Lawyers","isPartOf":{"@id":"https:\/\/jamesmckiernanlawyers.com\/es\/#website"},"primaryImageOfPage":{"@id":"https:\/\/jamesmckiernanlawyers.com\/es\/compensacion-de-trabajadores\/#primaryimage"},"image":{"@id":"https:\/\/jamesmckiernanlawyers.com\/es\/compensacion-de-trabajadores\/#primaryimage"},"thumbnailUrl":"https:\/\/jamesmckiernanlawyers.com\/wp-content\/uploads\/2021\/02\/review-img-70.jpg","datePublished":"2022-10-14T17:14:28+00:00","description":"Si se lesion\u00f3 en el trabajo o tiene problemas con el sistema de compensaci\u00f3n para trabajadores en California, \u00a1cont\u00e1ctenos hoy!","breadcrumb":{"@id":"https:\/\/jamesmckiernanlawyers.com\/es\/compensacion-de-trabajadores\/#breadcrumb"},"inLanguage":"es","potentialAction":[{"@type":"ReadAction","target":["https:\/\/jamesmckiernanlawyers.com\/es\/compensacion-de-trabajadores\/"]}]},{"@type":"ImageObject","inLanguage":"es","@id":"https:\/\/jamesmckiernanlawyers.com\/es\/compensacion-de-trabajadores\/#primaryimage","url":"https:\/\/jamesmckiernanlawyers.com\/wp-content\/uploads\/2021\/02\/review-img-70.jpg","contentUrl":"https:\/\/jamesmckiernanlawyers.com\/wp-content\/uploads\/2021\/02\/review-img-70.jpg","width":400,"height":397,"caption":"Smiling woman with long hair and earrings."},{"@type":"BreadcrumbList","@id":"https:\/\/jamesmckiernanlawyers.com\/es\/compensacion-de-trabajadores\/#breadcrumb","itemListElement":[{"@type":"ListItem","position":1,"name":"Home","item":"https:\/\/jamesmckiernanlawyers.com\/es\/"},{"@type":"ListItem","position":2,"name":"Compensaci\u00f3n de trabajadores"}]},{"@type":"WebSite","@id":"https:\/\/jamesmckiernanlawyers.com\/es\/#website","url":"https:\/\/jamesmckiernanlawyers.com\/es\/","name":"James McKiernan Lawyers","description":"","publisher":{"@id":"https:\/\/jamesmckiernanlawyers.com\/es\/#organization"},"potentialAction":[{"@type":"SearchAction","target":{"@type":"EntryPoint","urlTemplate":"https:\/\/jamesmckiernanlawyers.com\/es\/?s={search_term_string}"},"query-input":{"@type":"PropertyValueSpecification","valueRequired":true,"valueName":"search_term_string"}}],"inLanguage":"es"},{"@type":"Organization","@id":"https:\/\/jamesmckiernanlawyers.com\/es\/#organization","name":"James McKiernan Lawyers","url":"https:\/\/jamesmckiernanlawyers.com\/es\/","logo":{"@type":"ImageObject","inLanguage":"es","@id":"https:\/\/jamesmckiernanlawyers.com\/es\/#\/schema\/logo\/image\/","url":"https:\/\/jamesmckiernanlawyers.com\/wp-content\/uploads\/2021\/02\/mobile-logo.png","contentUrl":"https:\/\/jamesmckiernanlawyers.com\/wp-content\/uploads\/2021\/02\/mobile-logo.png","width":1188,"height":193,"caption":"James McKiernan Lawyers"},"image":{"@id":"https:\/\/jamesmckiernanlawyers.com\/es\/#\/schema\/logo\/image\/"},"sameAs":["https:\/\/www.facebook.com\/James-McKiernan-Lawyers-305870092829848","https:\/\/x.com\/McKiernanLaw","https:\/\/www.instagram.com\/jamesmckiernanlawyers\/","https:\/\/www.linkedin.com\/in\/james-mckiernan-aaa1b318"]}]}},"_links":{"self":[{"href":"https:\/\/jamesmckiernanlawyers.com\/es\/wp-json\/wp\/v2\/pages\/297532","targetHints":{"allow":["GET"]}}],"collection":[{"href":"https:\/\/jamesmckiernanlawyers.com\/es\/wp-json\/wp\/v2\/pages"}],"about":[{"href":"https:\/\/jamesmckiernanlawyers.com\/es\/wp-json\/wp\/v2\/types\/page"}],"author":[{"embeddable":true,"href":"https:\/\/jamesmckiernanlawyers.com\/es\/wp-json\/wp\/v2\/users\/5"}],"replies":[{"embeddable":true,"href":"https:\/\/jamesmckiernanlawyers.com\/es\/wp-json\/wp\/v2\/comments?post=297532"}],"version-history":[{"count":0,"href":"https:\/\/jamesmckiernanlawyers.com\/es\/wp-json\/wp\/v2\/pages\/297532\/revisions"}],"wp:featuredmedia":[{"embeddable":true,"href":"https:\/\/jamesmckiernanlawyers.com\/es\/wp-json\/wp\/v2\/media\/295441"}],"wp:attachment":[{"href":"https:\/\/jamesmckiernanlawyers.com\/es\/wp-json\/wp\/v2\/media?parent=297532"}],"curies":[{"name":"wp","href":"https:\/\/api.w.org\/{rel}","templated":true}]}}