{"id":297341,"date":"2022-04-29T19:31:33","date_gmt":"2022-04-29T19:31:33","guid":{"rendered":"https:\/\/jamesmckiernanlawyers.com\/ubicaciones\/arroyo-grande-california\/"},"modified":"2022-05-11T16:54:42","modified_gmt":"2022-05-11T16:54:42","slug":"arroyo-grande-california","status":"publish","type":"page","link":"https:\/\/jamesmckiernanlawyers.com\/es\/ubicaciones\/arroyo-grande-california\/","title":{"rendered":"Arroyo Grande, California"},"content":{"rendered":"","protected":false},"excerpt":{"rendered":"[...]","protected":false},"author":5,"featured_media":297257,"parent":296830,"menu_order":5,"comment_status":"closed","ping_status":"closed","template":"practice-areas.php","meta":{"_acf_changed":false,"footnotes":""},"class_list":["post-297341","page","type-page","status-publish","has-post-thumbnail","hentry"],"acf":[],"yoast_head":"<!-- This site is optimized with the Yoast SEO plugin v27.3 - https:\/\/yoast.com\/product\/yoast-seo-wordpress\/ -->\n<title>Mejores abogados de lesiones personales en Arroyo Grande, CA | Ley de James Mckiernan<\/title>\n<meta name=\"description\" content=\"Nuestros abogados de lesiones personales de Arroyo Grande lo atender\u00e1n de principio a fin, lo que incluye asegurarse de que reciba la atenci\u00f3n m\u00e9dica que necesita. Llama hoy.\" \/>\n<meta name=\"robots\" content=\"index, follow, max-snippet:-1, max-image-preview:large, max-video-preview:-1\" \/>\n<link rel=\"canonical\" href=\"\/\" \/>\n<meta property=\"og:locale\" content=\"es_ES\" \/>\n<meta property=\"og:type\" content=\"article\" \/>\n<meta property=\"og:title\" content=\"Mejores abogados de lesiones personales en Arroyo Grande, CA | Ley de James Mckiernan\" \/>\n<meta property=\"og:description\" content=\"Nuestros abogados de lesiones personales de Arroyo Grande lo atender\u00e1n de principio a fin, lo que incluye asegurarse de que reciba la atenci\u00f3n m\u00e9dica que necesita. Llama hoy.\" \/>\n<meta property=\"og:url\" content=\"https:\/\/jamesmckiernanlawyers.com\/es\/ubicaciones\/arroyo-grande-california\/\" \/>\n<meta property=\"og:site_name\" content=\"James McKiernan Lawyers\" \/>\n<meta property=\"article:publisher\" content=\"https:\/\/www.facebook.com\/James-McKiernan-Lawyers-305870092829848\" \/>\n<meta property=\"article:modified_time\" content=\"2022-05-11T16:54:42+00:00\" \/>\n<meta property=\"og:image\" content=\"https:\/\/jamesmckiernanlawyers.com\/wp-content\/uploads\/2022\/03\/Be-Aware-of-Defective-Childrens-Toys-and-the-Safety-of-Your-Kids-4.jpg\" \/>\n<meta name=\"twitter:card\" content=\"summary_large_image\" \/>\n<meta name=\"twitter:title\" content=\"Mejores abogados de lesiones personales en Arroyo Grande, CA | Ley de James Mckiernan\" \/>\n<meta name=\"twitter:description\" content=\"Nuestros abogados de lesiones personales de Arroyo Grande lo atender\u00e1n de principio a fin, lo que incluye asegurarse de que reciba la atenci\u00f3n m\u00e9dica que necesita. Llama hoy.\" \/>\n<meta name=\"twitter:image\" content=\"https:\/\/jamesmckiernanlawyers.com\/wp-content\/uploads\/2022\/03\/Be-Aware-of-Defective-Childrens-Toys-and-the-Safety-of-Your-Kids-4.jpg\" \/>\n<meta name=\"twitter:site\" content=\"@McKiernanLaw\" \/>\n<script type=\"application\/ld+json\" class=\"yoast-schema-graph\">{\"@context\":\"https:\\\/\\\/schema.org\",\"@graph\":[{\"@type\":\"WebPage\",\"@id\":\"https:\\\/\\\/jamesmckiernanlawyers.com\\\/es\\\/ubicaciones\\\/arroyo-grande-california\\\/\",\"url\":\"https:\\\/\\\/jamesmckiernanlawyers.com\\\/es\\\/ubicaciones\\\/arroyo-grande-california\\\/\",\"name\":\"Mejores abogados de lesiones personales en Arroyo Grande, CA | Ley de James Mckiernan\",\"isPartOf\":{\"@id\":\"https:\\\/\\\/jamesmckiernanlawyers.com\\\/es\\\/#website\"},\"primaryImageOfPage\":{\"@id\":\"https:\\\/\\\/jamesmckiernanlawyers.com\\\/es\\\/ubicaciones\\\/arroyo-grande-california\\\/#primaryimage\"},\"image\":{\"@id\":\"https:\\\/\\\/jamesmckiernanlawyers.com\\\/es\\\/ubicaciones\\\/arroyo-grande-california\\\/#primaryimage\"},\"thumbnailUrl\":\"https:\\\/\\\/jamesmckiernanlawyers.com\\\/wp-content\\\/uploads\\\/2022\\\/03\\\/Be-Aware-of-Defective-Childrens-Toys-and-the-Safety-of-Your-Kids-4.jpg\",\"datePublished\":\"2022-04-29T19:31:33+00:00\",\"dateModified\":\"2022-05-11T16:54:42+00:00\",\"description\":\"Nuestros abogados de lesiones personales de Arroyo Grande lo atender\u00e1n de principio a fin, lo que incluye asegurarse de que reciba la atenci\u00f3n m\u00e9dica que necesita. Llama hoy.\",\"breadcrumb\":{\"@id\":\"https:\\\/\\\/jamesmckiernanlawyers.com\\\/es\\\/ubicaciones\\\/arroyo-grande-california\\\/#breadcrumb\"},\"inLanguage\":\"es\",\"potentialAction\":[{\"@type\":\"ReadAction\",\"target\":[\"https:\\\/\\\/jamesmckiernanlawyers.com\\\/es\\\/ubicaciones\\\/arroyo-grande-california\\\/\"]}]},{\"@type\":\"ImageObject\",\"inLanguage\":\"es\",\"@id\":\"https:\\\/\\\/jamesmckiernanlawyers.com\\\/es\\\/ubicaciones\\\/arroyo-grande-california\\\/#primaryimage\",\"url\":\"https:\\\/\\\/jamesmckiernanlawyers.com\\\/wp-content\\\/uploads\\\/2022\\\/03\\\/Be-Aware-of-Defective-Childrens-Toys-and-the-Safety-of-Your-Kids-4.jpg\",\"contentUrl\":\"https:\\\/\\\/jamesmckiernanlawyers.com\\\/wp-content\\\/uploads\\\/2022\\\/03\\\/Be-Aware-of-Defective-Childrens-Toys-and-the-Safety-of-Your-Kids-4.jpg\",\"width\":724,\"height\":483,\"caption\":\"Poland, 2017\"},{\"@type\":\"BreadcrumbList\",\"@id\":\"https:\\\/\\\/jamesmckiernanlawyers.com\\\/es\\\/ubicaciones\\\/arroyo-grande-california\\\/#breadcrumb\",\"itemListElement\":[{\"@type\":\"ListItem\",\"position\":1,\"name\":\"Home\",\"item\":\"https:\\\/\\\/jamesmckiernanlawyers.com\\\/es\\\/\"},{\"@type\":\"ListItem\",\"position\":2,\"name\":\"Ubicaciones\",\"item\":\"https:\\\/\\\/jamesmckiernanlawyers.com\\\/es\\\/locations\\\/\"},{\"@type\":\"ListItem\",\"position\":3,\"name\":\"Arroyo Grande, California\"}]},{\"@type\":\"WebSite\",\"@id\":\"https:\\\/\\\/jamesmckiernanlawyers.com\\\/es\\\/#website\",\"url\":\"https:\\\/\\\/jamesmckiernanlawyers.com\\\/es\\\/\",\"name\":\"James McKiernan Lawyers\",\"description\":\"\",\"publisher\":{\"@id\":\"https:\\\/\\\/jamesmckiernanlawyers.com\\\/es\\\/#organization\"},\"potentialAction\":[{\"@type\":\"SearchAction\",\"target\":{\"@type\":\"EntryPoint\",\"urlTemplate\":\"https:\\\/\\\/jamesmckiernanlawyers.com\\\/es\\\/?s={search_term_string}\"},\"query-input\":{\"@type\":\"PropertyValueSpecification\",\"valueRequired\":true,\"valueName\":\"search_term_string\"}}],\"inLanguage\":\"es\"},{\"@type\":\"Organization\",\"@id\":\"https:\\\/\\\/jamesmckiernanlawyers.com\\\/es\\\/#organization\",\"name\":\"James McKiernan Lawyers\",\"url\":\"https:\\\/\\\/jamesmckiernanlawyers.com\\\/es\\\/\",\"logo\":{\"@type\":\"ImageObject\",\"inLanguage\":\"es\",\"@id\":\"https:\\\/\\\/jamesmckiernanlawyers.com\\\/es\\\/#\\\/schema\\\/logo\\\/image\\\/\",\"url\":\"https:\\\/\\\/jamesmckiernanlawyers.com\\\/wp-content\\\/uploads\\\/2021\\\/02\\\/mobile-logo.png\",\"contentUrl\":\"https:\\\/\\\/jamesmckiernanlawyers.com\\\/wp-content\\\/uploads\\\/2021\\\/02\\\/mobile-logo.png\",\"width\":1188,\"height\":193,\"caption\":\"James McKiernan Lawyers\"},\"image\":{\"@id\":\"https:\\\/\\\/jamesmckiernanlawyers.com\\\/es\\\/#\\\/schema\\\/logo\\\/image\\\/\"},\"sameAs\":[\"https:\\\/\\\/www.facebook.com\\\/James-McKiernan-Lawyers-305870092829848\",\"https:\\\/\\\/x.com\\\/McKiernanLaw\",\"https:\\\/\\\/www.instagram.com\\\/jamesmckiernanlawyers\\\/\",\"https:\\\/\\\/www.linkedin.com\\\/in\\\/james-mckiernan-aaa1b318\"]}]}<\/script>\n<!-- \/ Yoast SEO plugin. -->","yoast_head_json":{"title":"Mejores abogados de lesiones personales en Arroyo Grande, CA | Ley de James Mckiernan","description":"Nuestros abogados de lesiones personales de Arroyo Grande lo atender\u00e1n de principio a fin, lo que incluye asegurarse de que reciba la atenci\u00f3n m\u00e9dica que necesita. Llama hoy.","robots":{"index":"index","follow":"follow","max-snippet":"max-snippet:-1","max-image-preview":"max-image-preview:large","max-video-preview":"max-video-preview:-1"},"canonical":"\/","og_locale":"es_ES","og_type":"article","og_title":"Mejores abogados de lesiones personales en Arroyo Grande, CA | Ley de James Mckiernan","og_description":"Nuestros abogados de lesiones personales de Arroyo Grande lo atender\u00e1n de principio a fin, lo que incluye asegurarse de que reciba la atenci\u00f3n m\u00e9dica que necesita. Llama hoy.","og_url":"https:\/\/jamesmckiernanlawyers.com\/es\/ubicaciones\/arroyo-grande-california\/","og_site_name":"James McKiernan Lawyers","article_publisher":"https:\/\/www.facebook.com\/James-McKiernan-Lawyers-305870092829848","article_modified_time":"2022-05-11T16:54:42+00:00","og_image":[{"url":"https:\/\/jamesmckiernanlawyers.com\/wp-content\/uploads\/2022\/03\/Be-Aware-of-Defective-Childrens-Toys-and-the-Safety-of-Your-Kids-4.jpg","type":"","width":"","height":""}],"twitter_card":"summary_large_image","twitter_title":"Mejores abogados de lesiones personales en Arroyo Grande, CA | Ley de James Mckiernan","twitter_description":"Nuestros abogados de lesiones personales de Arroyo Grande lo atender\u00e1n de principio a fin, lo que incluye asegurarse de que reciba la atenci\u00f3n m\u00e9dica que necesita. Llama hoy.","twitter_image":"https:\/\/jamesmckiernanlawyers.com\/wp-content\/uploads\/2022\/03\/Be-Aware-of-Defective-Childrens-Toys-and-the-Safety-of-Your-Kids-4.jpg","twitter_site":"@McKiernanLaw","schema":{"@context":"https:\/\/schema.org","@graph":[{"@type":"WebPage","@id":"https:\/\/jamesmckiernanlawyers.com\/es\/ubicaciones\/arroyo-grande-california\/","url":"https:\/\/jamesmckiernanlawyers.com\/es\/ubicaciones\/arroyo-grande-california\/","name":"Mejores abogados de lesiones personales en Arroyo Grande, CA | Ley de James Mckiernan","isPartOf":{"@id":"https:\/\/jamesmckiernanlawyers.com\/es\/#website"},"primaryImageOfPage":{"@id":"https:\/\/jamesmckiernanlawyers.com\/es\/ubicaciones\/arroyo-grande-california\/#primaryimage"},"image":{"@id":"https:\/\/jamesmckiernanlawyers.com\/es\/ubicaciones\/arroyo-grande-california\/#primaryimage"},"thumbnailUrl":"https:\/\/jamesmckiernanlawyers.com\/wp-content\/uploads\/2022\/03\/Be-Aware-of-Defective-Childrens-Toys-and-the-Safety-of-Your-Kids-4.jpg","datePublished":"2022-04-29T19:31:33+00:00","dateModified":"2022-05-11T16:54:42+00:00","description":"Nuestros abogados de lesiones personales de Arroyo Grande lo atender\u00e1n de principio a fin, lo que incluye asegurarse de que reciba la atenci\u00f3n m\u00e9dica que necesita. Llama hoy.","breadcrumb":{"@id":"https:\/\/jamesmckiernanlawyers.com\/es\/ubicaciones\/arroyo-grande-california\/#breadcrumb"},"inLanguage":"es","potentialAction":[{"@type":"ReadAction","target":["https:\/\/jamesmckiernanlawyers.com\/es\/ubicaciones\/arroyo-grande-california\/"]}]},{"@type":"ImageObject","inLanguage":"es","@id":"https:\/\/jamesmckiernanlawyers.com\/es\/ubicaciones\/arroyo-grande-california\/#primaryimage","url":"https:\/\/jamesmckiernanlawyers.com\/wp-content\/uploads\/2022\/03\/Be-Aware-of-Defective-Childrens-Toys-and-the-Safety-of-Your-Kids-4.jpg","contentUrl":"https:\/\/jamesmckiernanlawyers.com\/wp-content\/uploads\/2022\/03\/Be-Aware-of-Defective-Childrens-Toys-and-the-Safety-of-Your-Kids-4.jpg","width":724,"height":483,"caption":"Poland, 2017"},{"@type":"BreadcrumbList","@id":"https:\/\/jamesmckiernanlawyers.com\/es\/ubicaciones\/arroyo-grande-california\/#breadcrumb","itemListElement":[{"@type":"ListItem","position":1,"name":"Home","item":"https:\/\/jamesmckiernanlawyers.com\/es\/"},{"@type":"ListItem","position":2,"name":"Ubicaciones","item":"https:\/\/jamesmckiernanlawyers.com\/es\/locations\/"},{"@type":"ListItem","position":3,"name":"Arroyo Grande, California"}]},{"@type":"WebSite","@id":"https:\/\/jamesmckiernanlawyers.com\/es\/#website","url":"https:\/\/jamesmckiernanlawyers.com\/es\/","name":"James McKiernan Lawyers","description":"","publisher":{"@id":"https:\/\/jamesmckiernanlawyers.com\/es\/#organization"},"potentialAction":[{"@type":"SearchAction","target":{"@type":"EntryPoint","urlTemplate":"https:\/\/jamesmckiernanlawyers.com\/es\/?s={search_term_string}"},"query-input":{"@type":"PropertyValueSpecification","valueRequired":true,"valueName":"search_term_string"}}],"inLanguage":"es"},{"@type":"Organization","@id":"https:\/\/jamesmckiernanlawyers.com\/es\/#organization","name":"James McKiernan Lawyers","url":"https:\/\/jamesmckiernanlawyers.com\/es\/","logo":{"@type":"ImageObject","inLanguage":"es","@id":"https:\/\/jamesmckiernanlawyers.com\/es\/#\/schema\/logo\/image\/","url":"https:\/\/jamesmckiernanlawyers.com\/wp-content\/uploads\/2021\/02\/mobile-logo.png","contentUrl":"https:\/\/jamesmckiernanlawyers.com\/wp-content\/uploads\/2021\/02\/mobile-logo.png","width":1188,"height":193,"caption":"James McKiernan Lawyers"},"image":{"@id":"https:\/\/jamesmckiernanlawyers.com\/es\/#\/schema\/logo\/image\/"},"sameAs":["https:\/\/www.facebook.com\/James-McKiernan-Lawyers-305870092829848","https:\/\/x.com\/McKiernanLaw","https:\/\/www.instagram.com\/jamesmckiernanlawyers\/","https:\/\/www.linkedin.com\/in\/james-mckiernan-aaa1b318"]}]}},"_links":{"self":[{"href":"https:\/\/jamesmckiernanlawyers.com\/es\/wp-json\/wp\/v2\/pages\/297341","targetHints":{"allow":["GET"]}}],"collection":[{"href":"https:\/\/jamesmckiernanlawyers.com\/es\/wp-json\/wp\/v2\/pages"}],"about":[{"href":"https:\/\/jamesmckiernanlawyers.com\/es\/wp-json\/wp\/v2\/types\/page"}],"author":[{"embeddable":true,"href":"https:\/\/jamesmckiernanlawyers.com\/es\/wp-json\/wp\/v2\/users\/5"}],"replies":[{"embeddable":true,"href":"https:\/\/jamesmckiernanlawyers.com\/es\/wp-json\/wp\/v2\/comments?post=297341"}],"version-history":[{"count":0,"href":"https:\/\/jamesmckiernanlawyers.com\/es\/wp-json\/wp\/v2\/pages\/297341\/revisions"}],"up":[{"embeddable":true,"href":"https:\/\/jamesmckiernanlawyers.com\/es\/wp-json\/wp\/v2\/pages\/296830"}],"wp:featuredmedia":[{"embeddable":true,"href":"https:\/\/jamesmckiernanlawyers.com\/es\/wp-json\/wp\/v2\/media\/297257"}],"wp:attachment":[{"href":"https:\/\/jamesmckiernanlawyers.com\/es\/wp-json\/wp\/v2\/media?parent=297341"}],"curies":[{"name":"wp","href":"https:\/\/api.w.org\/{rel}","templated":true}]}}