{"id":297322,"date":"2022-04-22T15:53:36","date_gmt":"2022-04-22T15:53:36","guid":{"rendered":"https:\/\/jamesmckiernanlawyers.com\/ubicaciones\/bakersfield-california\/"},"modified":"2026-04-15T22:18:35","modified_gmt":"2026-04-15T22:18:35","slug":"bakersfield-california","status":"publish","type":"page","link":"https:\/\/jamesmckiernanlawyers.com\/es\/ubicaciones\/bakersfield-california\/","title":{"rendered":"Bakersfield, California"},"content":{"rendered":"","protected":false},"excerpt":{"rendered":"[...]","protected":false},"author":5,"featured_media":280,"parent":296830,"menu_order":4,"comment_status":"closed","ping_status":"closed","template":"practice-areas.php","meta":{"_acf_changed":false,"footnotes":""},"class_list":["post-297322","page","type-page","status-publish","has-post-thumbnail","hentry"],"acf":[],"yoast_head":"<!-- This site is optimized with the Yoast SEO plugin v27.4 - https:\/\/yoast.com\/product\/yoast-seo-wordpress\/ -->\n<title>Abogados de Lesiones en Bakersfield CA | Consulta Gratis<\/title>\n<meta name=\"description\" content=\"\u00bfSufri\u00f3 un accidente en Bakersfield? Nuestros abogados de lesiones personales tienen m\u00e1s de 40 a\u00f1os de experiencia. Sin pago hasta ganar.\" \/>\n<meta name=\"robots\" content=\"index, follow, max-snippet:-1, max-image-preview:large, max-video-preview:-1\" \/>\n<link rel=\"canonical\" href=\"\/\" \/>\n<meta property=\"og:locale\" content=\"es_ES\" \/>\n<meta property=\"og:type\" content=\"article\" \/>\n<meta property=\"og:title\" content=\"Los mejores abogados de lesiones por accidentes en Bakersfield, CA | James McKiernan Lawyers\" \/>\n<meta property=\"og:description\" content=\"Si usted o sus seres queridos estuvieron involucrados en un accidente, comun\u00edquese hoy con uno de los abogados de lesiones personales en Bakersfield, California.\" \/>\n<meta property=\"og:url\" content=\"https:\/\/jamesmckiernanlawyers.com\/es\/ubicaciones\/bakersfield-california\/\" \/>\n<meta property=\"og:site_name\" content=\"James McKiernan Lawyers\" \/>\n<meta property=\"article:publisher\" content=\"https:\/\/www.facebook.com\/James-McKiernan-Lawyers-305870092829848\" \/>\n<meta property=\"article:modified_time\" content=\"2026-04-15T22:18:35+00:00\" \/>\n<meta property=\"og:image\" content=\"https:\/\/jamesmckiernanlawyers.com\/wp-content\/uploads\/2020\/12\/auto-accident-first-img.jpg\" \/>\n<meta name=\"twitter:card\" content=\"summary_large_image\" \/>\n<meta name=\"twitter:title\" content=\"Los mejores abogados de lesiones por accidentes en Bakersfield, CA | James McKiernan Lawyers\" \/>\n<meta name=\"twitter:description\" content=\"Si usted o sus seres queridos estuvieron involucrados en un accidente, comun\u00edquese hoy con uno de los abogados de lesiones personales en Bakersfield, California.\" \/>\n<meta name=\"twitter:image\" content=\"https:\/\/jamesmckiernanlawyers.com\/wp-content\/uploads\/2020\/12\/auto-accident-first-img.jpg\" \/>\n<meta name=\"twitter:site\" content=\"@McKiernanLaw\" \/>\n<meta name=\"twitter:label1\" content=\"Tiempo de lectura\" \/>\n\t<meta name=\"twitter:data1\" content=\"1 minuto\" \/>\n<script type=\"application\/ld+json\" class=\"yoast-schema-graph\">{\"@context\":\"https:\\\/\\\/schema.org\",\"@graph\":[{\"@type\":\"WebPage\",\"@id\":\"https:\\\/\\\/jamesmckiernanlawyers.com\\\/es\\\/ubicaciones\\\/bakersfield-california\\\/\",\"url\":\"https:\\\/\\\/jamesmckiernanlawyers.com\\\/es\\\/ubicaciones\\\/bakersfield-california\\\/\",\"name\":\"Abogados de Lesiones en Bakersfield CA | Consulta Gratis\",\"isPartOf\":{\"@id\":\"https:\\\/\\\/jamesmckiernanlawyers.com\\\/es\\\/#website\"},\"primaryImageOfPage\":{\"@id\":\"https:\\\/\\\/jamesmckiernanlawyers.com\\\/es\\\/ubicaciones\\\/bakersfield-california\\\/#primaryimage\"},\"image\":{\"@id\":\"https:\\\/\\\/jamesmckiernanlawyers.com\\\/es\\\/ubicaciones\\\/bakersfield-california\\\/#primaryimage\"},\"thumbnailUrl\":\"https:\\\/\\\/jamesmckiernanlawyers.com\\\/wp-content\\\/uploads\\\/2020\\\/12\\\/auto-accident-first-img.jpg\",\"datePublished\":\"2022-04-22T15:53:36+00:00\",\"dateModified\":\"2026-04-15T22:18:35+00:00\",\"description\":\"\u00bfSufri\u00f3 un accidente en Bakersfield? Nuestros abogados de lesiones personales tienen m\u00e1s de 40 a\u00f1os de experiencia. Sin pago hasta ganar.\",\"breadcrumb\":{\"@id\":\"https:\\\/\\\/jamesmckiernanlawyers.com\\\/es\\\/ubicaciones\\\/bakersfield-california\\\/#breadcrumb\"},\"inLanguage\":\"es\",\"potentialAction\":[{\"@type\":\"ReadAction\",\"target\":[\"https:\\\/\\\/jamesmckiernanlawyers.com\\\/es\\\/ubicaciones\\\/bakersfield-california\\\/\"]}]},{\"@type\":\"ImageObject\",\"inLanguage\":\"es\",\"@id\":\"https:\\\/\\\/jamesmckiernanlawyers.com\\\/es\\\/ubicaciones\\\/bakersfield-california\\\/#primaryimage\",\"url\":\"https:\\\/\\\/jamesmckiernanlawyers.com\\\/wp-content\\\/uploads\\\/2020\\\/12\\\/auto-accident-first-img.jpg\",\"contentUrl\":\"https:\\\/\\\/jamesmckiernanlawyers.com\\\/wp-content\\\/uploads\\\/2020\\\/12\\\/auto-accident-first-img.jpg\",\"width\":1030,\"height\":275,\"caption\":\"Car with front-end damage after accident.\"},{\"@type\":\"BreadcrumbList\",\"@id\":\"https:\\\/\\\/jamesmckiernanlawyers.com\\\/es\\\/ubicaciones\\\/bakersfield-california\\\/#breadcrumb\",\"itemListElement\":[{\"@type\":\"ListItem\",\"position\":1,\"name\":\"Home\",\"item\":\"https:\\\/\\\/jamesmckiernanlawyers.com\\\/es\\\/home\\\/\"},{\"@type\":\"ListItem\",\"position\":2,\"name\":\"Ubicaciones\",\"item\":\"https:\\\/\\\/jamesmckiernanlawyers.com\\\/es\\\/ubicaciones\\\/\"},{\"@type\":\"ListItem\",\"position\":3,\"name\":\"Bakersfield, California\"}]},{\"@type\":\"WebSite\",\"@id\":\"https:\\\/\\\/jamesmckiernanlawyers.com\\\/es\\\/#website\",\"url\":\"https:\\\/\\\/jamesmckiernanlawyers.com\\\/es\\\/\",\"name\":\"James McKiernan Lawyers\",\"description\":\"\",\"publisher\":{\"@id\":\"https:\\\/\\\/jamesmckiernanlawyers.com\\\/es\\\/#organization\"},\"potentialAction\":[{\"@type\":\"SearchAction\",\"target\":{\"@type\":\"EntryPoint\",\"urlTemplate\":\"https:\\\/\\\/jamesmckiernanlawyers.com\\\/es\\\/?s={search_term_string}\"},\"query-input\":{\"@type\":\"PropertyValueSpecification\",\"valueRequired\":true,\"valueName\":\"search_term_string\"}}],\"inLanguage\":\"es\"},{\"@type\":\"Organization\",\"@id\":\"https:\\\/\\\/jamesmckiernanlawyers.com\\\/es\\\/#organization\",\"name\":\"James McKiernan Lawyers\",\"url\":\"https:\\\/\\\/jamesmckiernanlawyers.com\\\/es\\\/\",\"logo\":{\"@type\":\"ImageObject\",\"inLanguage\":\"es\",\"@id\":\"https:\\\/\\\/jamesmckiernanlawyers.com\\\/es\\\/#\\\/schema\\\/logo\\\/image\\\/\",\"url\":\"https:\\\/\\\/jamesmckiernanlawyers.com\\\/wp-content\\\/uploads\\\/2021\\\/02\\\/mobile-logo.png\",\"contentUrl\":\"https:\\\/\\\/jamesmckiernanlawyers.com\\\/wp-content\\\/uploads\\\/2021\\\/02\\\/mobile-logo.png\",\"width\":1188,\"height\":193,\"caption\":\"James McKiernan Lawyers\"},\"image\":{\"@id\":\"https:\\\/\\\/jamesmckiernanlawyers.com\\\/es\\\/#\\\/schema\\\/logo\\\/image\\\/\"},\"sameAs\":[\"https:\\\/\\\/www.facebook.com\\\/James-McKiernan-Lawyers-305870092829848\",\"https:\\\/\\\/x.com\\\/McKiernanLaw\",\"https:\\\/\\\/www.instagram.com\\\/jamesmckiernanlawyers\\\/\",\"https:\\\/\\\/www.linkedin.com\\\/in\\\/james-mckiernan-aaa1b318\"]}]}<\/script>\n<!-- \/ Yoast SEO plugin. -->","yoast_head_json":{"title":"Abogados de Lesiones en Bakersfield CA | Consulta Gratis","description":"\u00bfSufri\u00f3 un accidente en Bakersfield? Nuestros abogados de lesiones personales tienen m\u00e1s de 40 a\u00f1os de experiencia. Sin pago hasta ganar.","robots":{"index":"index","follow":"follow","max-snippet":"max-snippet:-1","max-image-preview":"max-image-preview:large","max-video-preview":"max-video-preview:-1"},"canonical":"\/","og_locale":"es_ES","og_type":"article","og_title":"Los mejores abogados de lesiones por accidentes en Bakersfield, CA | James McKiernan Lawyers","og_description":"Si usted o sus seres queridos estuvieron involucrados en un accidente, comun\u00edquese hoy con uno de los abogados de lesiones personales en Bakersfield, California.","og_url":"https:\/\/jamesmckiernanlawyers.com\/es\/ubicaciones\/bakersfield-california\/","og_site_name":"James McKiernan Lawyers","article_publisher":"https:\/\/www.facebook.com\/James-McKiernan-Lawyers-305870092829848","article_modified_time":"2026-04-15T22:18:35+00:00","og_image":[{"url":"https:\/\/jamesmckiernanlawyers.com\/wp-content\/uploads\/2020\/12\/auto-accident-first-img.jpg","type":"","width":"","height":""}],"twitter_card":"summary_large_image","twitter_title":"Los mejores abogados de lesiones por accidentes en Bakersfield, CA | James McKiernan Lawyers","twitter_description":"Si usted o sus seres queridos estuvieron involucrados en un accidente, comun\u00edquese hoy con uno de los abogados de lesiones personales en Bakersfield, California.","twitter_image":"https:\/\/jamesmckiernanlawyers.com\/wp-content\/uploads\/2020\/12\/auto-accident-first-img.jpg","twitter_site":"@McKiernanLaw","twitter_misc":{"Tiempo de lectura":"1 minuto"},"schema":{"@context":"https:\/\/schema.org","@graph":[{"@type":"WebPage","@id":"https:\/\/jamesmckiernanlawyers.com\/es\/ubicaciones\/bakersfield-california\/","url":"https:\/\/jamesmckiernanlawyers.com\/es\/ubicaciones\/bakersfield-california\/","name":"Abogados de Lesiones en Bakersfield CA | Consulta Gratis","isPartOf":{"@id":"https:\/\/jamesmckiernanlawyers.com\/es\/#website"},"primaryImageOfPage":{"@id":"https:\/\/jamesmckiernanlawyers.com\/es\/ubicaciones\/bakersfield-california\/#primaryimage"},"image":{"@id":"https:\/\/jamesmckiernanlawyers.com\/es\/ubicaciones\/bakersfield-california\/#primaryimage"},"thumbnailUrl":"https:\/\/jamesmckiernanlawyers.com\/wp-content\/uploads\/2020\/12\/auto-accident-first-img.jpg","datePublished":"2022-04-22T15:53:36+00:00","dateModified":"2026-04-15T22:18:35+00:00","description":"\u00bfSufri\u00f3 un accidente en Bakersfield? Nuestros abogados de lesiones personales tienen m\u00e1s de 40 a\u00f1os de experiencia. Sin pago hasta ganar.","breadcrumb":{"@id":"https:\/\/jamesmckiernanlawyers.com\/es\/ubicaciones\/bakersfield-california\/#breadcrumb"},"inLanguage":"es","potentialAction":[{"@type":"ReadAction","target":["https:\/\/jamesmckiernanlawyers.com\/es\/ubicaciones\/bakersfield-california\/"]}]},{"@type":"ImageObject","inLanguage":"es","@id":"https:\/\/jamesmckiernanlawyers.com\/es\/ubicaciones\/bakersfield-california\/#primaryimage","url":"https:\/\/jamesmckiernanlawyers.com\/wp-content\/uploads\/2020\/12\/auto-accident-first-img.jpg","contentUrl":"https:\/\/jamesmckiernanlawyers.com\/wp-content\/uploads\/2020\/12\/auto-accident-first-img.jpg","width":1030,"height":275,"caption":"Car with front-end damage after accident."},{"@type":"BreadcrumbList","@id":"https:\/\/jamesmckiernanlawyers.com\/es\/ubicaciones\/bakersfield-california\/#breadcrumb","itemListElement":[{"@type":"ListItem","position":1,"name":"Home","item":"https:\/\/jamesmckiernanlawyers.com\/es\/home\/"},{"@type":"ListItem","position":2,"name":"Ubicaciones","item":"https:\/\/jamesmckiernanlawyers.com\/es\/ubicaciones\/"},{"@type":"ListItem","position":3,"name":"Bakersfield, California"}]},{"@type":"WebSite","@id":"https:\/\/jamesmckiernanlawyers.com\/es\/#website","url":"https:\/\/jamesmckiernanlawyers.com\/es\/","name":"James McKiernan Lawyers","description":"","publisher":{"@id":"https:\/\/jamesmckiernanlawyers.com\/es\/#organization"},"potentialAction":[{"@type":"SearchAction","target":{"@type":"EntryPoint","urlTemplate":"https:\/\/jamesmckiernanlawyers.com\/es\/?s={search_term_string}"},"query-input":{"@type":"PropertyValueSpecification","valueRequired":true,"valueName":"search_term_string"}}],"inLanguage":"es"},{"@type":"Organization","@id":"https:\/\/jamesmckiernanlawyers.com\/es\/#organization","name":"James McKiernan Lawyers","url":"https:\/\/jamesmckiernanlawyers.com\/es\/","logo":{"@type":"ImageObject","inLanguage":"es","@id":"https:\/\/jamesmckiernanlawyers.com\/es\/#\/schema\/logo\/image\/","url":"https:\/\/jamesmckiernanlawyers.com\/wp-content\/uploads\/2021\/02\/mobile-logo.png","contentUrl":"https:\/\/jamesmckiernanlawyers.com\/wp-content\/uploads\/2021\/02\/mobile-logo.png","width":1188,"height":193,"caption":"James McKiernan Lawyers"},"image":{"@id":"https:\/\/jamesmckiernanlawyers.com\/es\/#\/schema\/logo\/image\/"},"sameAs":["https:\/\/www.facebook.com\/James-McKiernan-Lawyers-305870092829848","https:\/\/x.com\/McKiernanLaw","https:\/\/www.instagram.com\/jamesmckiernanlawyers\/","https:\/\/www.linkedin.com\/in\/james-mckiernan-aaa1b318"]}]}},"_links":{"self":[{"href":"https:\/\/jamesmckiernanlawyers.com\/es\/wp-json\/wp\/v2\/pages\/297322","targetHints":{"allow":["GET"]}}],"collection":[{"href":"https:\/\/jamesmckiernanlawyers.com\/es\/wp-json\/wp\/v2\/pages"}],"about":[{"href":"https:\/\/jamesmckiernanlawyers.com\/es\/wp-json\/wp\/v2\/types\/page"}],"author":[{"embeddable":true,"href":"https:\/\/jamesmckiernanlawyers.com\/es\/wp-json\/wp\/v2\/users\/5"}],"replies":[{"embeddable":true,"href":"https:\/\/jamesmckiernanlawyers.com\/es\/wp-json\/wp\/v2\/comments?post=297322"}],"version-history":[{"count":1,"href":"https:\/\/jamesmckiernanlawyers.com\/es\/wp-json\/wp\/v2\/pages\/297322\/revisions"}],"predecessor-version":[{"id":299675,"href":"https:\/\/jamesmckiernanlawyers.com\/es\/wp-json\/wp\/v2\/pages\/297322\/revisions\/299675"}],"up":[{"embeddable":true,"href":"https:\/\/jamesmckiernanlawyers.com\/es\/wp-json\/wp\/v2\/pages\/296830"}],"wp:featuredmedia":[{"embeddable":true,"href":"https:\/\/jamesmckiernanlawyers.com\/es\/wp-json\/wp\/v2\/media\/280"}],"wp:attachment":[{"href":"https:\/\/jamesmckiernanlawyers.com\/es\/wp-json\/wp\/v2\/media?parent=297322"}],"curies":[{"name":"wp","href":"https:\/\/api.w.org\/{rel}","templated":true}]}}