{"id":297133,"date":"2022-01-14T20:40:37","date_gmt":"2022-01-14T20:40:37","guid":{"rendered":"https:\/\/jamesmckiernanlawyers.com\/lesion-personal\/lesiones-cerebrales\/"},"modified":"2022-12-20T05:57:45","modified_gmt":"2022-12-20T05:57:45","slug":"lesiones-cerebrales","status":"publish","type":"page","link":"https:\/\/jamesmckiernanlawyers.com\/es\/lesion-personal\/lesiones-cerebrales\/","title":{"rendered":"Lesiones Cerebrales"},"content":{"rendered":"","protected":false},"excerpt":{"rendered":"[...]","protected":false},"author":5,"featured_media":296666,"parent":296465,"menu_order":0,"comment_status":"closed","ping_status":"closed","template":"practice-areas.php","meta":{"_acf_changed":false,"footnotes":""},"class_list":["post-297133","page","type-page","status-publish","has-post-thumbnail","hentry"],"acf":[],"yoast_head":"<!-- This site is optimized with the Yoast SEO plugin v27.6 - https:\/\/yoast.com\/product\/yoast-seo-wordpress\/ -->\n<title>Abogados de lesiones cerebrales traum\u00e1ticas de Central Coast, CA | Altamente Calificado - James McKiernan<\/title>\n<meta name=\"description\" content=\"Si usted o un ser querido ha sufrido una lesi\u00f3n cerebral traum\u00e1tica, comun\u00edquese con los abogados de James McKiernan hoy para una evaluaci\u00f3n gratuita de su caso.\" \/>\n<meta name=\"robots\" content=\"index, follow, max-snippet:-1, max-image-preview:large, max-video-preview:-1\" \/>\n<link rel=\"canonical\" href=\"\/\" \/>\n<meta property=\"og:locale\" content=\"es_ES\" \/>\n<meta property=\"og:type\" content=\"article\" \/>\n<meta property=\"og:title\" content=\"Abogados de lesiones cerebrales traum\u00e1ticas de Central Coast, CA | Altamente Calificado - James McKiernan\" \/>\n<meta property=\"og:description\" content=\"Si usted o un ser querido ha sufrido una lesi\u00f3n cerebral traum\u00e1tica, comun\u00edquese con los abogados de James McKiernan hoy para una evaluaci\u00f3n gratuita de su caso.\" \/>\n<meta property=\"og:url\" content=\"https:\/\/jamesmckiernanlawyers.com\/es\/lesion-personal\/lesiones-cerebrales\/\" \/>\n<meta property=\"og:site_name\" content=\"James McKiernan Lawyers\" \/>\n<meta property=\"article:publisher\" content=\"https:\/\/www.facebook.com\/James-McKiernan-Lawyers-305870092829848\" \/>\n<meta property=\"article:modified_time\" content=\"2022-12-20T05:57:45+00:00\" \/>\n<meta property=\"og:image\" content=\"https:\/\/jamesmckiernanlawyers.com\/wp-content\/uploads\/2021\/08\/brain-injury-banner-img-cq.jpg\" \/>\n<meta name=\"twitter:card\" content=\"summary_large_image\" \/>\n<meta name=\"twitter:title\" content=\"Abogados de lesiones cerebrales traum\u00e1ticas de Central Coast, CA | Altamente Calificado - James McKiernan\" \/>\n<meta name=\"twitter:description\" content=\"Si usted o un ser querido ha sufrido una lesi\u00f3n cerebral traum\u00e1tica, comun\u00edquese con los abogados de James McKiernan hoy para una evaluaci\u00f3n gratuita de su caso.\" \/>\n<meta name=\"twitter:image\" content=\"https:\/\/jamesmckiernanlawyers.com\/wp-content\/uploads\/2021\/08\/brain-injury-banner-img-cq.jpg\" \/>\n<meta name=\"twitter:site\" content=\"@McKiernanLaw\" \/>\n<script type=\"application\/ld+json\" class=\"yoast-schema-graph\">{\"@context\":\"https:\\\/\\\/schema.org\",\"@graph\":[{\"@type\":\"WebPage\",\"@id\":\"https:\\\/\\\/jamesmckiernanlawyers.com\\\/es\\\/lesion-personal\\\/lesiones-cerebrales\\\/\",\"url\":\"https:\\\/\\\/jamesmckiernanlawyers.com\\\/es\\\/lesion-personal\\\/lesiones-cerebrales\\\/\",\"name\":\"Abogados de lesiones cerebrales traum\u00e1ticas de Central Coast, CA | Altamente Calificado - James McKiernan\",\"isPartOf\":{\"@id\":\"https:\\\/\\\/jamesmckiernanlawyers.com\\\/es\\\/#website\"},\"primaryImageOfPage\":{\"@id\":\"https:\\\/\\\/jamesmckiernanlawyers.com\\\/es\\\/lesion-personal\\\/lesiones-cerebrales\\\/#primaryimage\"},\"image\":{\"@id\":\"https:\\\/\\\/jamesmckiernanlawyers.com\\\/es\\\/lesion-personal\\\/lesiones-cerebrales\\\/#primaryimage\"},\"thumbnailUrl\":\"https:\\\/\\\/jamesmckiernanlawyers.com\\\/wp-content\\\/uploads\\\/2021\\\/08\\\/brain-injury-banner-img-cq.jpg\",\"datePublished\":\"2022-01-14T20:40:37+00:00\",\"dateModified\":\"2022-12-20T05:57:45+00:00\",\"description\":\"Si usted o un ser querido ha sufrido una lesi\u00f3n cerebral traum\u00e1tica, comun\u00edquese con los abogados de James McKiernan hoy para una evaluaci\u00f3n gratuita de su caso.\",\"breadcrumb\":{\"@id\":\"https:\\\/\\\/jamesmckiernanlawyers.com\\\/es\\\/lesion-personal\\\/lesiones-cerebrales\\\/#breadcrumb\"},\"inLanguage\":\"es\",\"potentialAction\":[{\"@type\":\"ReadAction\",\"target\":[\"https:\\\/\\\/jamesmckiernanlawyers.com\\\/es\\\/lesion-personal\\\/lesiones-cerebrales\\\/\"]}]},{\"@type\":\"ImageObject\",\"inLanguage\":\"es\",\"@id\":\"https:\\\/\\\/jamesmckiernanlawyers.com\\\/es\\\/lesion-personal\\\/lesiones-cerebrales\\\/#primaryimage\",\"url\":\"https:\\\/\\\/jamesmckiernanlawyers.com\\\/wp-content\\\/uploads\\\/2021\\\/08\\\/brain-injury-banner-img-cq.jpg\",\"contentUrl\":\"https:\\\/\\\/jamesmckiernanlawyers.com\\\/wp-content\\\/uploads\\\/2021\\\/08\\\/brain-injury-banner-img-cq.jpg\",\"width\":1920,\"height\":396,\"caption\":\"Doctor examining medical scans on screen.\"},{\"@type\":\"BreadcrumbList\",\"@id\":\"https:\\\/\\\/jamesmckiernanlawyers.com\\\/es\\\/lesion-personal\\\/lesiones-cerebrales\\\/#breadcrumb\",\"itemListElement\":[{\"@type\":\"ListItem\",\"position\":1,\"name\":\"Home\",\"item\":\"https:\\\/\\\/jamesmckiernanlawyers.com\\\/es\\\/home\\\/\"},{\"@type\":\"ListItem\",\"position\":2,\"name\":\"Lesi\u00f3n Personal\",\"item\":\"https:\\\/\\\/jamesmckiernanlawyers.com\\\/es\\\/lesion-personal\\\/\"},{\"@type\":\"ListItem\",\"position\":3,\"name\":\"Lesiones Cerebrales\"}]},{\"@type\":\"WebSite\",\"@id\":\"https:\\\/\\\/jamesmckiernanlawyers.com\\\/es\\\/#website\",\"url\":\"https:\\\/\\\/jamesmckiernanlawyers.com\\\/es\\\/\",\"name\":\"James McKiernan Lawyers\",\"description\":\"\",\"publisher\":{\"@id\":\"https:\\\/\\\/jamesmckiernanlawyers.com\\\/es\\\/#organization\"},\"potentialAction\":[{\"@type\":\"SearchAction\",\"target\":{\"@type\":\"EntryPoint\",\"urlTemplate\":\"https:\\\/\\\/jamesmckiernanlawyers.com\\\/es\\\/?s={search_term_string}\"},\"query-input\":{\"@type\":\"PropertyValueSpecification\",\"valueRequired\":true,\"valueName\":\"search_term_string\"}}],\"inLanguage\":\"es\"},{\"@type\":\"Organization\",\"@id\":\"https:\\\/\\\/jamesmckiernanlawyers.com\\\/es\\\/#organization\",\"name\":\"James McKiernan Lawyers\",\"url\":\"https:\\\/\\\/jamesmckiernanlawyers.com\\\/es\\\/\",\"logo\":{\"@type\":\"ImageObject\",\"inLanguage\":\"es\",\"@id\":\"https:\\\/\\\/jamesmckiernanlawyers.com\\\/es\\\/#\\\/schema\\\/logo\\\/image\\\/\",\"url\":\"https:\\\/\\\/jamesmckiernanlawyers.com\\\/wp-content\\\/uploads\\\/2021\\\/02\\\/mobile-logo.png\",\"contentUrl\":\"https:\\\/\\\/jamesmckiernanlawyers.com\\\/wp-content\\\/uploads\\\/2021\\\/02\\\/mobile-logo.png\",\"width\":1188,\"height\":193,\"caption\":\"James McKiernan Lawyers\"},\"image\":{\"@id\":\"https:\\\/\\\/jamesmckiernanlawyers.com\\\/es\\\/#\\\/schema\\\/logo\\\/image\\\/\"},\"sameAs\":[\"https:\\\/\\\/www.facebook.com\\\/James-McKiernan-Lawyers-305870092829848\",\"https:\\\/\\\/x.com\\\/McKiernanLaw\",\"https:\\\/\\\/www.instagram.com\\\/jamesmckiernanlawyers\\\/\",\"https:\\\/\\\/www.linkedin.com\\\/in\\\/james-mckiernan-aaa1b318\"]}]}<\/script>\n<!-- \/ Yoast SEO plugin. -->","yoast_head_json":{"title":"Abogados de lesiones cerebrales traum\u00e1ticas de Central Coast, CA | Altamente Calificado - James McKiernan","description":"Si usted o un ser querido ha sufrido una lesi\u00f3n cerebral traum\u00e1tica, comun\u00edquese con los abogados de James McKiernan hoy para una evaluaci\u00f3n gratuita de su caso.","robots":{"index":"index","follow":"follow","max-snippet":"max-snippet:-1","max-image-preview":"max-image-preview:large","max-video-preview":"max-video-preview:-1"},"canonical":"\/","og_locale":"es_ES","og_type":"article","og_title":"Abogados de lesiones cerebrales traum\u00e1ticas de Central Coast, CA | Altamente Calificado - James McKiernan","og_description":"Si usted o un ser querido ha sufrido una lesi\u00f3n cerebral traum\u00e1tica, comun\u00edquese con los abogados de James McKiernan hoy para una evaluaci\u00f3n gratuita de su caso.","og_url":"https:\/\/jamesmckiernanlawyers.com\/es\/lesion-personal\/lesiones-cerebrales\/","og_site_name":"James McKiernan Lawyers","article_publisher":"https:\/\/www.facebook.com\/James-McKiernan-Lawyers-305870092829848","article_modified_time":"2022-12-20T05:57:45+00:00","og_image":[{"url":"https:\/\/jamesmckiernanlawyers.com\/wp-content\/uploads\/2021\/08\/brain-injury-banner-img-cq.jpg","type":"","width":"","height":""}],"twitter_card":"summary_large_image","twitter_title":"Abogados de lesiones cerebrales traum\u00e1ticas de Central Coast, CA | Altamente Calificado - James McKiernan","twitter_description":"Si usted o un ser querido ha sufrido una lesi\u00f3n cerebral traum\u00e1tica, comun\u00edquese con los abogados de James McKiernan hoy para una evaluaci\u00f3n gratuita de su caso.","twitter_image":"https:\/\/jamesmckiernanlawyers.com\/wp-content\/uploads\/2021\/08\/brain-injury-banner-img-cq.jpg","twitter_site":"@McKiernanLaw","schema":{"@context":"https:\/\/schema.org","@graph":[{"@type":"WebPage","@id":"https:\/\/jamesmckiernanlawyers.com\/es\/lesion-personal\/lesiones-cerebrales\/","url":"https:\/\/jamesmckiernanlawyers.com\/es\/lesion-personal\/lesiones-cerebrales\/","name":"Abogados de lesiones cerebrales traum\u00e1ticas de Central Coast, CA | Altamente Calificado - James McKiernan","isPartOf":{"@id":"https:\/\/jamesmckiernanlawyers.com\/es\/#website"},"primaryImageOfPage":{"@id":"https:\/\/jamesmckiernanlawyers.com\/es\/lesion-personal\/lesiones-cerebrales\/#primaryimage"},"image":{"@id":"https:\/\/jamesmckiernanlawyers.com\/es\/lesion-personal\/lesiones-cerebrales\/#primaryimage"},"thumbnailUrl":"https:\/\/jamesmckiernanlawyers.com\/wp-content\/uploads\/2021\/08\/brain-injury-banner-img-cq.jpg","datePublished":"2022-01-14T20:40:37+00:00","dateModified":"2022-12-20T05:57:45+00:00","description":"Si usted o un ser querido ha sufrido una lesi\u00f3n cerebral traum\u00e1tica, comun\u00edquese con los abogados de James McKiernan hoy para una evaluaci\u00f3n gratuita de su caso.","breadcrumb":{"@id":"https:\/\/jamesmckiernanlawyers.com\/es\/lesion-personal\/lesiones-cerebrales\/#breadcrumb"},"inLanguage":"es","potentialAction":[{"@type":"ReadAction","target":["https:\/\/jamesmckiernanlawyers.com\/es\/lesion-personal\/lesiones-cerebrales\/"]}]},{"@type":"ImageObject","inLanguage":"es","@id":"https:\/\/jamesmckiernanlawyers.com\/es\/lesion-personal\/lesiones-cerebrales\/#primaryimage","url":"https:\/\/jamesmckiernanlawyers.com\/wp-content\/uploads\/2021\/08\/brain-injury-banner-img-cq.jpg","contentUrl":"https:\/\/jamesmckiernanlawyers.com\/wp-content\/uploads\/2021\/08\/brain-injury-banner-img-cq.jpg","width":1920,"height":396,"caption":"Doctor examining medical scans on screen."},{"@type":"BreadcrumbList","@id":"https:\/\/jamesmckiernanlawyers.com\/es\/lesion-personal\/lesiones-cerebrales\/#breadcrumb","itemListElement":[{"@type":"ListItem","position":1,"name":"Home","item":"https:\/\/jamesmckiernanlawyers.com\/es\/home\/"},{"@type":"ListItem","position":2,"name":"Lesi\u00f3n Personal","item":"https:\/\/jamesmckiernanlawyers.com\/es\/lesion-personal\/"},{"@type":"ListItem","position":3,"name":"Lesiones Cerebrales"}]},{"@type":"WebSite","@id":"https:\/\/jamesmckiernanlawyers.com\/es\/#website","url":"https:\/\/jamesmckiernanlawyers.com\/es\/","name":"James McKiernan Lawyers","description":"","publisher":{"@id":"https:\/\/jamesmckiernanlawyers.com\/es\/#organization"},"potentialAction":[{"@type":"SearchAction","target":{"@type":"EntryPoint","urlTemplate":"https:\/\/jamesmckiernanlawyers.com\/es\/?s={search_term_string}"},"query-input":{"@type":"PropertyValueSpecification","valueRequired":true,"valueName":"search_term_string"}}],"inLanguage":"es"},{"@type":"Organization","@id":"https:\/\/jamesmckiernanlawyers.com\/es\/#organization","name":"James McKiernan Lawyers","url":"https:\/\/jamesmckiernanlawyers.com\/es\/","logo":{"@type":"ImageObject","inLanguage":"es","@id":"https:\/\/jamesmckiernanlawyers.com\/es\/#\/schema\/logo\/image\/","url":"https:\/\/jamesmckiernanlawyers.com\/wp-content\/uploads\/2021\/02\/mobile-logo.png","contentUrl":"https:\/\/jamesmckiernanlawyers.com\/wp-content\/uploads\/2021\/02\/mobile-logo.png","width":1188,"height":193,"caption":"James McKiernan Lawyers"},"image":{"@id":"https:\/\/jamesmckiernanlawyers.com\/es\/#\/schema\/logo\/image\/"},"sameAs":["https:\/\/www.facebook.com\/James-McKiernan-Lawyers-305870092829848","https:\/\/x.com\/McKiernanLaw","https:\/\/www.instagram.com\/jamesmckiernanlawyers\/","https:\/\/www.linkedin.com\/in\/james-mckiernan-aaa1b318"]}]}},"_links":{"self":[{"href":"https:\/\/jamesmckiernanlawyers.com\/es\/wp-json\/wp\/v2\/pages\/297133","targetHints":{"allow":["GET"]}}],"collection":[{"href":"https:\/\/jamesmckiernanlawyers.com\/es\/wp-json\/wp\/v2\/pages"}],"about":[{"href":"https:\/\/jamesmckiernanlawyers.com\/es\/wp-json\/wp\/v2\/types\/page"}],"author":[{"embeddable":true,"href":"https:\/\/jamesmckiernanlawyers.com\/es\/wp-json\/wp\/v2\/users\/5"}],"replies":[{"embeddable":true,"href":"https:\/\/jamesmckiernanlawyers.com\/es\/wp-json\/wp\/v2\/comments?post=297133"}],"version-history":[{"count":0,"href":"https:\/\/jamesmckiernanlawyers.com\/es\/wp-json\/wp\/v2\/pages\/297133\/revisions"}],"up":[{"embeddable":true,"href":"https:\/\/jamesmckiernanlawyers.com\/es\/wp-json\/wp\/v2\/pages\/296465"}],"wp:featuredmedia":[{"embeddable":true,"href":"https:\/\/jamesmckiernanlawyers.com\/es\/wp-json\/wp\/v2\/media\/296666"}],"wp:attachment":[{"href":"https:\/\/jamesmckiernanlawyers.com\/es\/wp-json\/wp\/v2\/media?parent=297133"}],"curies":[{"name":"wp","href":"https:\/\/api.w.org\/{rel}","templated":true}]}}