{"id":296564,"date":"2021-07-16T20:07:42","date_gmt":"2021-07-16T20:07:42","guid":{"rendered":"https:\/\/jamesmckiernanlawyers.com\/areas-de-practica\/"},"modified":"2026-02-20T18:31:43","modified_gmt":"2026-02-20T18:31:43","slug":"areas-de-practica","status":"publish","type":"page","link":"https:\/\/jamesmckiernanlawyers.com\/es\/areas-de-practica\/","title":{"rendered":"Areas de Pr\u00e1ctica"},"content":{"rendered":"","protected":false},"excerpt":{"rendered":"[...]","protected":false},"author":5,"featured_media":297243,"parent":0,"menu_order":0,"comment_status":"closed","ping_status":"closed","template":"","meta":{"_acf_changed":false,"footnotes":""},"class_list":["post-296564","page","type-page","status-publish","has-post-thumbnail","hentry"],"acf":[],"yoast_head":"<!-- This site is optimized with the Yoast SEO plugin v27.3 - https:\/\/yoast.com\/product\/yoast-seo-wordpress\/ -->\n<title>Abogados de lesiones personales en California | \u00a1Accidentes automovil\u00edsticos, mordeduras de perros y m\u00e1s!<\/title>\n<meta name=\"description\" content=\"\u00bfLesionado en un accidente? James McKiernan Lawyers maneja casos de accidentes y lesiones personales. Llame hoy para una consulta gratuita.\" \/>\n<meta name=\"robots\" content=\"index, follow, max-snippet:-1, max-image-preview:large, max-video-preview:-1\" \/>\n<link rel=\"canonical\" href=\"\/\" \/>\n<meta property=\"og:locale\" content=\"es_ES\" \/>\n<meta property=\"og:type\" content=\"article\" \/>\n<meta property=\"og:title\" content=\"Abogados de lesiones personales en California | \u00a1Accidentes automovil\u00edsticos, mordeduras de perros y m\u00e1s!\" \/>\n<meta property=\"og:description\" content=\"James McKiernan Lawyers maneja una amplia gama de casos de accidentes automovil\u00edsticos y lesiones personales. \u00a1P\u00f3ngase en contacto con nosotros hoy para una consulta gratuita!\" \/>\n<meta property=\"og:url\" content=\"https:\/\/jamesmckiernanlawyers.com\/es\/areas-de-practica\" \/>\n<meta property=\"og:site_name\" content=\"James McKiernan Lawyers\" \/>\n<meta property=\"article:publisher\" content=\"https:\/\/www.facebook.com\/James-McKiernan-Lawyers-305870092829848\" \/>\n<meta property=\"article:modified_time\" content=\"2026-02-20T18:31:43+00:00\" \/>\n<meta property=\"og:image\" content=\"https:\/\/jamesmckiernanlawyers.com\/wp-content\/uploads\/2022\/03\/GettyImages-1065824400.jpg\" \/>\n<meta name=\"twitter:card\" content=\"summary_large_image\" \/>\n<meta name=\"twitter:title\" content=\"Abogados de lesiones personales en California | \u00a1Accidentes automovil\u00edsticos, mordeduras de perros y m\u00e1s!\" \/>\n<meta name=\"twitter:description\" content=\"James McKiernan Lawyers maneja una amplia gama de casos de accidentes automovil\u00edsticos y lesiones personales. \u00a1P\u00f3ngase en contacto con nosotros hoy para una consulta gratuita!\" \/>\n<meta name=\"twitter:image\" content=\"https:\/\/jamesmckiernanlawyers.com\/wp-content\/uploads\/2022\/03\/GettyImages-1065824400.jpg\" \/>\n<meta name=\"twitter:site\" content=\"@McKiernanLaw\" \/>\n<script type=\"application\/ld+json\" class=\"yoast-schema-graph\">{\"@context\":\"https:\\\/\\\/schema.org\",\"@graph\":[{\"@type\":\"WebPage\",\"@id\":\"https:\\\/\\\/jamesmckiernanlawyers.com\\\/es\\\/areas-de-practica\\\/\",\"url\":\"https:\\\/\\\/jamesmckiernanlawyers.com\\\/es\\\/areas-de-practica\",\"name\":\"Abogados de lesiones personales en California | \u00a1Accidentes automovil\u00edsticos, mordeduras de perros y m\u00e1s!\",\"isPartOf\":{\"@id\":\"https:\\\/\\\/jamesmckiernanlawyers.com\\\/es\\\/#website\"},\"primaryImageOfPage\":{\"@id\":\"https:\\\/\\\/jamesmckiernanlawyers.com\\\/es\\\/areas-de-practica#primaryimage\"},\"image\":{\"@id\":\"https:\\\/\\\/jamesmckiernanlawyers.com\\\/es\\\/areas-de-practica#primaryimage\"},\"thumbnailUrl\":\"https:\\\/\\\/jamesmckiernanlawyers.com\\\/wp-content\\\/uploads\\\/2022\\\/03\\\/GettyImages-1065824400.jpg\",\"datePublished\":\"2021-07-16T20:07:42+00:00\",\"dateModified\":\"2026-02-20T18:31:43+00:00\",\"description\":\"\u00bfLesionado en un accidente? James McKiernan Lawyers maneja casos de accidentes y lesiones personales. Llame hoy para una consulta gratuita.\",\"breadcrumb\":{\"@id\":\"https:\\\/\\\/jamesmckiernanlawyers.com\\\/es\\\/areas-de-practica#breadcrumb\"},\"inLanguage\":\"es\",\"potentialAction\":[{\"@type\":\"ReadAction\",\"target\":[\"https:\\\/\\\/jamesmckiernanlawyers.com\\\/es\\\/areas-de-practica\"]}]},{\"@type\":\"ImageObject\",\"inLanguage\":\"es\",\"@id\":\"https:\\\/\\\/jamesmckiernanlawyers.com\\\/es\\\/areas-de-practica#primaryimage\",\"url\":\"https:\\\/\\\/jamesmckiernanlawyers.com\\\/wp-content\\\/uploads\\\/2022\\\/03\\\/GettyImages-1065824400.jpg\",\"contentUrl\":\"https:\\\/\\\/jamesmckiernanlawyers.com\\\/wp-content\\\/uploads\\\/2022\\\/03\\\/GettyImages-1065824400.jpg\",\"width\":2057,\"height\":1458,\"caption\":\"Legal advice service with professional person presenting consulting work for business contract and legislation, defense attorney, notary paperwork, court expert, concept with icons\"},{\"@type\":\"BreadcrumbList\",\"@id\":\"https:\\\/\\\/jamesmckiernanlawyers.com\\\/es\\\/areas-de-practica#breadcrumb\",\"itemListElement\":[{\"@type\":\"ListItem\",\"position\":1,\"name\":\"Home\",\"item\":\"https:\\\/\\\/jamesmckiernanlawyers.com\\\/es\\\/\"},{\"@type\":\"ListItem\",\"position\":2,\"name\":\"Areas de Pr\u00e1ctica\"}]},{\"@type\":\"WebSite\",\"@id\":\"https:\\\/\\\/jamesmckiernanlawyers.com\\\/es\\\/#website\",\"url\":\"https:\\\/\\\/jamesmckiernanlawyers.com\\\/es\\\/\",\"name\":\"James McKiernan Lawyers\",\"description\":\"\",\"publisher\":{\"@id\":\"https:\\\/\\\/jamesmckiernanlawyers.com\\\/es\\\/#organization\"},\"potentialAction\":[{\"@type\":\"SearchAction\",\"target\":{\"@type\":\"EntryPoint\",\"urlTemplate\":\"https:\\\/\\\/jamesmckiernanlawyers.com\\\/es\\\/?s={search_term_string}\"},\"query-input\":{\"@type\":\"PropertyValueSpecification\",\"valueRequired\":true,\"valueName\":\"search_term_string\"}}],\"inLanguage\":\"es\"},{\"@type\":\"Organization\",\"@id\":\"https:\\\/\\\/jamesmckiernanlawyers.com\\\/es\\\/#organization\",\"name\":\"James McKiernan Lawyers\",\"url\":\"https:\\\/\\\/jamesmckiernanlawyers.com\\\/es\\\/\",\"logo\":{\"@type\":\"ImageObject\",\"inLanguage\":\"es\",\"@id\":\"https:\\\/\\\/jamesmckiernanlawyers.com\\\/es\\\/#\\\/schema\\\/logo\\\/image\\\/\",\"url\":\"https:\\\/\\\/jamesmckiernanlawyers.com\\\/wp-content\\\/uploads\\\/2021\\\/02\\\/mobile-logo.png\",\"contentUrl\":\"https:\\\/\\\/jamesmckiernanlawyers.com\\\/wp-content\\\/uploads\\\/2021\\\/02\\\/mobile-logo.png\",\"width\":1188,\"height\":193,\"caption\":\"James McKiernan Lawyers\"},\"image\":{\"@id\":\"https:\\\/\\\/jamesmckiernanlawyers.com\\\/es\\\/#\\\/schema\\\/logo\\\/image\\\/\"},\"sameAs\":[\"https:\\\/\\\/www.facebook.com\\\/James-McKiernan-Lawyers-305870092829848\",\"https:\\\/\\\/x.com\\\/McKiernanLaw\",\"https:\\\/\\\/www.instagram.com\\\/jamesmckiernanlawyers\\\/\",\"https:\\\/\\\/www.linkedin.com\\\/in\\\/james-mckiernan-aaa1b318\"]}]}<\/script>\n<!-- \/ Yoast SEO plugin. -->","yoast_head_json":{"title":"Abogados de lesiones personales en California | \u00a1Accidentes automovil\u00edsticos, mordeduras de perros y m\u00e1s!","description":"\u00bfLesionado en un accidente? James McKiernan Lawyers maneja casos de accidentes y lesiones personales. Llame hoy para una consulta gratuita.","robots":{"index":"index","follow":"follow","max-snippet":"max-snippet:-1","max-image-preview":"max-image-preview:large","max-video-preview":"max-video-preview:-1"},"canonical":"\/","og_locale":"es_ES","og_type":"article","og_title":"Abogados de lesiones personales en California | \u00a1Accidentes automovil\u00edsticos, mordeduras de perros y m\u00e1s!","og_description":"James McKiernan Lawyers maneja una amplia gama de casos de accidentes automovil\u00edsticos y lesiones personales. \u00a1P\u00f3ngase en contacto con nosotros hoy para una consulta gratuita!","og_url":"https:\/\/jamesmckiernanlawyers.com\/es\/areas-de-practica","og_site_name":"James McKiernan Lawyers","article_publisher":"https:\/\/www.facebook.com\/James-McKiernan-Lawyers-305870092829848","article_modified_time":"2026-02-20T18:31:43+00:00","og_image":[{"url":"https:\/\/jamesmckiernanlawyers.com\/wp-content\/uploads\/2022\/03\/GettyImages-1065824400.jpg","type":"","width":"","height":""}],"twitter_card":"summary_large_image","twitter_title":"Abogados de lesiones personales en California | \u00a1Accidentes automovil\u00edsticos, mordeduras de perros y m\u00e1s!","twitter_description":"James McKiernan Lawyers maneja una amplia gama de casos de accidentes automovil\u00edsticos y lesiones personales. \u00a1P\u00f3ngase en contacto con nosotros hoy para una consulta gratuita!","twitter_image":"https:\/\/jamesmckiernanlawyers.com\/wp-content\/uploads\/2022\/03\/GettyImages-1065824400.jpg","twitter_site":"@McKiernanLaw","schema":{"@context":"https:\/\/schema.org","@graph":[{"@type":"WebPage","@id":"https:\/\/jamesmckiernanlawyers.com\/es\/areas-de-practica\/","url":"https:\/\/jamesmckiernanlawyers.com\/es\/areas-de-practica","name":"Abogados de lesiones personales en California | \u00a1Accidentes automovil\u00edsticos, mordeduras de perros y m\u00e1s!","isPartOf":{"@id":"https:\/\/jamesmckiernanlawyers.com\/es\/#website"},"primaryImageOfPage":{"@id":"https:\/\/jamesmckiernanlawyers.com\/es\/areas-de-practica#primaryimage"},"image":{"@id":"https:\/\/jamesmckiernanlawyers.com\/es\/areas-de-practica#primaryimage"},"thumbnailUrl":"https:\/\/jamesmckiernanlawyers.com\/wp-content\/uploads\/2022\/03\/GettyImages-1065824400.jpg","datePublished":"2021-07-16T20:07:42+00:00","dateModified":"2026-02-20T18:31:43+00:00","description":"\u00bfLesionado en un accidente? James McKiernan Lawyers maneja casos de accidentes y lesiones personales. Llame hoy para una consulta gratuita.","breadcrumb":{"@id":"https:\/\/jamesmckiernanlawyers.com\/es\/areas-de-practica#breadcrumb"},"inLanguage":"es","potentialAction":[{"@type":"ReadAction","target":["https:\/\/jamesmckiernanlawyers.com\/es\/areas-de-practica"]}]},{"@type":"ImageObject","inLanguage":"es","@id":"https:\/\/jamesmckiernanlawyers.com\/es\/areas-de-practica#primaryimage","url":"https:\/\/jamesmckiernanlawyers.com\/wp-content\/uploads\/2022\/03\/GettyImages-1065824400.jpg","contentUrl":"https:\/\/jamesmckiernanlawyers.com\/wp-content\/uploads\/2022\/03\/GettyImages-1065824400.jpg","width":2057,"height":1458,"caption":"Legal advice service with professional person presenting consulting work for business contract and legislation, defense attorney, notary paperwork, court expert, concept with icons"},{"@type":"BreadcrumbList","@id":"https:\/\/jamesmckiernanlawyers.com\/es\/areas-de-practica#breadcrumb","itemListElement":[{"@type":"ListItem","position":1,"name":"Home","item":"https:\/\/jamesmckiernanlawyers.com\/es\/"},{"@type":"ListItem","position":2,"name":"Areas de Pr\u00e1ctica"}]},{"@type":"WebSite","@id":"https:\/\/jamesmckiernanlawyers.com\/es\/#website","url":"https:\/\/jamesmckiernanlawyers.com\/es\/","name":"James McKiernan Lawyers","description":"","publisher":{"@id":"https:\/\/jamesmckiernanlawyers.com\/es\/#organization"},"potentialAction":[{"@type":"SearchAction","target":{"@type":"EntryPoint","urlTemplate":"https:\/\/jamesmckiernanlawyers.com\/es\/?s={search_term_string}"},"query-input":{"@type":"PropertyValueSpecification","valueRequired":true,"valueName":"search_term_string"}}],"inLanguage":"es"},{"@type":"Organization","@id":"https:\/\/jamesmckiernanlawyers.com\/es\/#organization","name":"James McKiernan Lawyers","url":"https:\/\/jamesmckiernanlawyers.com\/es\/","logo":{"@type":"ImageObject","inLanguage":"es","@id":"https:\/\/jamesmckiernanlawyers.com\/es\/#\/schema\/logo\/image\/","url":"https:\/\/jamesmckiernanlawyers.com\/wp-content\/uploads\/2021\/02\/mobile-logo.png","contentUrl":"https:\/\/jamesmckiernanlawyers.com\/wp-content\/uploads\/2021\/02\/mobile-logo.png","width":1188,"height":193,"caption":"James McKiernan Lawyers"},"image":{"@id":"https:\/\/jamesmckiernanlawyers.com\/es\/#\/schema\/logo\/image\/"},"sameAs":["https:\/\/www.facebook.com\/James-McKiernan-Lawyers-305870092829848","https:\/\/x.com\/McKiernanLaw","https:\/\/www.instagram.com\/jamesmckiernanlawyers\/","https:\/\/www.linkedin.com\/in\/james-mckiernan-aaa1b318"]}]}},"_links":{"self":[{"href":"https:\/\/jamesmckiernanlawyers.com\/es\/wp-json\/wp\/v2\/pages\/296564","targetHints":{"allow":["GET"]}}],"collection":[{"href":"https:\/\/jamesmckiernanlawyers.com\/es\/wp-json\/wp\/v2\/pages"}],"about":[{"href":"https:\/\/jamesmckiernanlawyers.com\/es\/wp-json\/wp\/v2\/types\/page"}],"author":[{"embeddable":true,"href":"https:\/\/jamesmckiernanlawyers.com\/es\/wp-json\/wp\/v2\/users\/5"}],"replies":[{"embeddable":true,"href":"https:\/\/jamesmckiernanlawyers.com\/es\/wp-json\/wp\/v2\/comments?post=296564"}],"version-history":[{"count":1,"href":"https:\/\/jamesmckiernanlawyers.com\/es\/wp-json\/wp\/v2\/pages\/296564\/revisions"}],"predecessor-version":[{"id":299531,"href":"https:\/\/jamesmckiernanlawyers.com\/es\/wp-json\/wp\/v2\/pages\/296564\/revisions\/299531"}],"wp:featuredmedia":[{"embeddable":true,"href":"https:\/\/jamesmckiernanlawyers.com\/es\/wp-json\/wp\/v2\/media\/297243"}],"wp:attachment":[{"href":"https:\/\/jamesmckiernanlawyers.com\/es\/wp-json\/wp\/v2\/media?parent=296564"}],"curies":[{"name":"wp","href":"https:\/\/api.w.org\/{rel}","templated":true}]}}